{"id":15748,"date":"2025-04-11T19:03:52","date_gmt":"2025-04-11T17:03:52","guid":{"rendered":"https:\/\/nagai.de\/shop\/echtheit-von-bewertungen\/"},"modified":"2025-06-01T14:19:38","modified_gmt":"2025-06-01T12:19:38","slug":"echtheit-von-bewertungen","status":"publish","type":"page","link":"https:\/\/nagai.de\/shop\/echtheit-von-bewertungen\/","title":{"rendered":"Echtheit von Bewertungen"},"content":{"rendered":"\n<p>Transparenz und Vertrauen stehen bei uns an erster Stelle \u2013 auch bei Kundenbewertungen. Deshalb legen wir gr\u00f6\u00dften Wert darauf, dass alle Bewertungen im Nagai Onlineshop ausschlie\u00dflich von verifizierten Kundinnen und Kunden stammen, die tats\u00e4chlich ein Produkt bei uns gekauft und bezahlt haben.<\/p>\n\n\n\n<h3 class=\"wp-block-heading\">So stellen wir die Echtheit sicher<\/h3>\n\n\n\n<p>Um die Qualit\u00e4t und Glaubw\u00fcrdigkeit der Bewertungen zu gew\u00e4hrleisten, nutzen wir ein System, das nur registrierten K\u00e4ufern erlaubt, eine Bewertung abzugeben. Eine Bewertung kann nur dann abgegeben werden, wenn:<\/p>\n\n\n\n<ul class=\"wp-block-list\">\n<li>eine Bestellung im Nagai Onlineshop erfolgreich abgeschlossen wurde,<\/li>\n\n\n\n<li>die Ware bezahlt und ausgeliefert wurde,<\/li>\n\n\n\n<li>und der Bewertungslink direkt \u00fcber die Bestellbest\u00e4tigung oder nach Versand zur Verf\u00fcgung gestellt wurde.<\/li>\n<\/ul>\n\n\n\n<p>Dadurch stellen wir sicher, dass jede Rezension auf einer echten Kauferfahrung basiert \u2013 unabh\u00e4ngig davon, ob es sich um einen Sonnenschirm, Ampelschirm, das passende Zubeh\u00f6r oder einen Heizstrahler handelt.<\/p>\n\n\n\n<h3 class=\"wp-block-heading\">Warum das wichtig ist<\/h3>\n\n\n\n<p>Echte Bewertungen helfen Ihnen dabei, eine fundierte Kaufentscheidung zu treffen. Sie spiegeln die tats\u00e4chlichen Erfahrungen unserer Kunden mit unseren Produkten und unserem Service wider. So erhalten Sie eine ehrliche Einsch\u00e4tzung zur Qualit\u00e4t, Funktionalit\u00e4t und Zufriedenheit mit unseren Artikeln.<\/p>\n\n\n\n<p>Wir freuen uns \u00fcber jedes Feedback \u2013 denn es hilft nicht nur anderen Kunden weiter, sondern auch uns, unser Angebot kontinuierlich zu verbessern.<\/p>\n\n\n\n<p><\/p>\n","protected":false},"excerpt":{"rendered":"<p>Transparenz und Vertrauen stehen bei uns an erster Stelle \u2013 auch bei Kundenbewertungen. Deshalb legen wir gr\u00f6\u00dften Wert darauf, dass<\/p>\n","protected":false},"author":4,"featured_media":0,"parent":0,"menu_order":0,"comment_status":"closed","ping_status":"closed","template":"","meta":{"footnotes":""},"class_list":["post-15748","page","type-page","status-publish","hentry"],"_links":{"self":[{"href":"https:\/\/nagai.de\/shop\/wp-json\/wp\/v2\/pages\/15748","targetHints":{"allow":["GET"]}}],"collection":[{"href":"https:\/\/nagai.de\/shop\/wp-json\/wp\/v2\/pages"}],"about":[{"href":"https:\/\/nagai.de\/shop\/wp-json\/wp\/v2\/types\/page"}],"author":[{"embeddable":true,"href":"https:\/\/nagai.de\/shop\/wp-json\/wp\/v2\/users\/4"}],"replies":[{"embeddable":true,"href":"https:\/\/nagai.de\/shop\/wp-json\/wp\/v2\/comments?post=15748"}],"version-history":[{"count":2,"href":"https:\/\/nagai.de\/shop\/wp-json\/wp\/v2\/pages\/15748\/revisions"}],"predecessor-version":[{"id":18712,"href":"https:\/\/nagai.de\/shop\/wp-json\/wp\/v2\/pages\/15748\/revisions\/18712"}],"wp:attachment":[{"href":"https:\/\/nagai.de\/shop\/wp-json\/wp\/v2\/media?parent=15748"}],"curies":[{"name":"wp","href":"https:\/\/api.w.org\/{rel}","templated":true}]}}