{"id":287,"date":"2022-05-23T11:11:30","date_gmt":"2022-05-23T11:11:30","guid":{"rendered":"http:\/\/dummy.xtemos.com\/woodmart2\/megamarket-elementor\/?page_id=287"},"modified":"2025-04-28T11:38:30","modified_gmt":"2025-04-28T09:38:30","slug":"services","status":"publish","type":"page","link":"https:\/\/nagai.de\/shop\/services\/","title":{"rendered":"Services"},"content":{"rendered":"\t\t<div data-elementor-type=\"wp-page\" data-elementor-id=\"287\" class=\"elementor elementor-287\">\n\t\t\t\t<div class=\"wd-negative-gap elementor-element elementor-element-827b0ab e-flex e-con-boxed e-con e-parent\" data-id=\"827b0ab\" data-element_type=\"container\" data-e-type=\"container\">\n\t\t\t\t\t<div class=\"e-con-inner\">\n\t\t<div class=\"elementor-element elementor-element-49b25b4 e-con-full e-flex e-con e-child\" data-id=\"49b25b4\" data-element_type=\"container\" data-e-type=\"container\">\n\t\t\t\t<div class=\"elementor-element elementor-element-83b2200 elementor-widget elementor-widget-wd_text_block\" data-id=\"83b2200\" data-element_type=\"widget\" data-e-type=\"widget\" data-widget_type=\"wd_text_block.default\">\n\t\t\t\t<div class=\"elementor-widget-container\">\n\t\t\t\t\t\t\t<div class=\"wd-text-block reset-last-child text-left\">\n\t\t\t\n\t\t\t<h1>Unser Service f\u00fcr dich vor Ort in Berlin und Umgebung<\/h1><p>Du m\u00f6chtest deinen neuen Sonnenschirm oder Heizstrahler nicht nur online bestellen, sondern auch sicher und bequem aufbauen lassen? Kein Problem! Mit unserem praktischen <strong>Montage- und Lieferservice<\/strong> bist du auf der sicheren Seite \u2013 direkt bei dir zu Hause, in Berlin und Umgebung.<\/p><h2>Lieferung direkt bis zu dir<\/h2><p>Wir liefern alle unsere Produkte \u2013 ob Ampelschirme, Heizstrahler oder Zubeh\u00f6r \u2013 pers\u00f6nlich zu dir nach Hause. Innerhalb von Berlin und dem nahen Umland bieten wir dir eine <strong>zuverl\u00e4ssige, termingerechte Lieferung<\/strong> durch unser eigenes Serviceteam. So kannst du dich entspannt zur\u00fccklehnen, w\u00e4hrend wir alles zu dir bringen.<\/p><h2>Aufbau &amp; Montage vom Fachmann<\/h2><p>Der Aufbau eines gro\u00dfen Ampelschirms oder die sichere Wandmontage eines Heizstrahlers ist nicht immer einfach. Deshalb \u00fcbernehmen wir das f\u00fcr dich! Unser erfahrenes Team k\u00fcmmert sich um:<\/p><ul><li>den <strong>fachgerechten Aufbau von Sonnenschirmen<\/strong><\/li><li>die <strong>Montage von Heizstrahlern<\/strong> an Wand oder Decke<\/li><li>das Positionieren und Justieren nach deinen W\u00fcnschen<\/li><\/ul><p>Wir arbeiten schnell, sauber und mit einem Blick f\u00fcrs Detail \u2013 damit du deinen Au\u00dfenbereich sofort genie\u00dfen kannst.<\/p>\n\t\t\t\t\t<\/div>\n\t\t\t\t\t\t<\/div>\n\t\t\t\t<\/div>\n\t\t\t\t<\/div>\n\t\t\t\t\t<\/div>\n\t\t\t\t<\/div>\n\t\t<div class=\"wd-negative-gap elementor-element elementor-element-c6b6fec e-flex e-con-boxed e-con e-parent\" data-id=\"c6b6fec\" data-element_type=\"container\" data-e-type=\"container\" data-settings=\"{&quot;background_background&quot;:&quot;classic&quot;}\">\n\t\t\t\t\t<div class=\"e-con-inner\">\n\t\t<div class=\"elementor-element elementor-element-9e8013f e-con-full elementor-hidden-tablet elementor-hidden-mobile e-flex e-con e-child\" data-id=\"9e8013f\" data-element_type=\"container\" data-e-type=\"container\">\n\t\t\t\t<\/div>\n\t\t<div class=\"elementor-element elementor-element-54d9921 e-con-full e-flex e-con e-child\" data-id=\"54d9921\" data-element_type=\"container\" data-e-type=\"container\">\n\t\t\t\t<div class=\"elementor-element elementor-element-e45f330 wd-width-100 elementor-widget elementor-widget-wd_title\" data-id=\"e45f330\" data-element_type=\"widget\" data-e-type=\"widget\" data-widget_type=\"wd_title.default\">\n\t\t\t\t<div class=\"elementor-widget-container\">\n\t\t\t\t\t\t\t<div class=\"title-wrapper wd-set-mb reset-last-child wd-title-color-white wd-title-style-default wd-title-size-large text-left\">\n\n\t\t\t\n\t\t\t<div class=\"liner-continer\">\n\t\t\t\t<h4 class=\"woodmart-title-container title wd-fontsize-xxl\">Komfort genie\u00dfen<\/h4> \n\t\t\t\t\t\t\t<\/div>\n\n\t\t\t\t\t<\/div>\n\t\t\t\t\t\t<\/div>\n\t\t\t\t<\/div>\n\t\t\t\t<div class=\"elementor-element elementor-element-ea68038 elementor-widget elementor-widget-wd_text_block\" data-id=\"ea68038\" data-element_type=\"widget\" data-e-type=\"widget\" data-widget_type=\"wd_text_block.default\">\n\t\t\t\t<div class=\"elementor-widget-container\">\n\t\t\t\t\t\t\t<div class=\"wd-text-block reset-last-child text-left color-scheme-light\">\n\t\t\t\n\t\t\t<strong>Jetzt Service anfragen und zur\u00fccklehnen:<\/strong><br>\nDu m\u00f6chtest unseren Aufbauservice nutzen oder eine Beratung zur Montage? Kontaktiere uns \u2013 wir freuen uns auf deine Nachricht!\n\t\t\t\t\t<\/div>\n\t\t\t\t\t\t<\/div>\n\t\t\t\t<\/div>\n\t\t\t\t<div class=\"elementor-element elementor-element-a019255 elementor-widget elementor-widget-wd_button\" data-id=\"a019255\" data-element_type=\"widget\" data-e-type=\"widget\" data-widget_type=\"wd_button.default\">\n\t\t\t\t<div class=\"elementor-widget-container\">\n\t\t\t\t\t\t\t<div class=\"wd-button-wrapper text-left\" >\n\t\t\t<a class=\"btn btn-style-default btn-shape-rectangle btn-size-large btn-color-white btn-icon-pos-left\"  href=\"tel:+493305621271\">\n\t\t\t\t<span class=\"wd-btn-text\" data-elementor-setting-key=\"text\">\n\t\t\t\t\tJetzt anrufen\t\t\t\t<\/span>\n\n\t\t\t\t\t\t\t\t\t<span class=\"wd-btn-icon\">\n\t\t\t\t\t\t<svg class=\"wd-icon e-font-icon-svg e-fas-phone-alt\" viewBox=\"0 0 512 512\" xmlns=\"http:\/\/www.w3.org\/2000\/svg\"><path d=\"M497.39 361.8l-112-48a24 24 0 0 0-28 6.9l-49.6 60.6A370.66 370.66 0 0 1 130.6 204.11l60.6-49.6a23.94 23.94 0 0 0 6.9-28l-48-112A24.16 24.16 0 0 0 122.6.61l-104 24A24 24 0 0 0 0 48c0 256.5 207.9 464 464 464a24 24 0 0 0 23.4-18.6l24-104a24.29 24.29 0 0 0-14.01-27.6z\"><\/path><\/svg>\t\t\t\t\t<\/span>\n\t\t\t\t\t\t\t<\/a>\n\t\t<\/div>\n\t\t\t\t\t\t<\/div>\n\t\t\t\t<\/div>\n\t\t\t\t<\/div>\n\t\t\t\t\t<\/div>\n\t\t\t\t<\/div>\n\t\t<div class=\"wd-negative-gap elementor-element elementor-element-29c92ad e-flex e-con-boxed e-con e-parent\" data-id=\"29c92ad\" data-element_type=\"container\" data-e-type=\"container\">\n\t\t\t\t\t<div class=\"e-con-inner\">\n\t\t<div class=\"elementor-element elementor-element-9f2cef6 e-con-full e-flex e-con e-child\" data-id=\"9f2cef6\" data-element_type=\"container\" data-e-type=\"container\">\n\t\t\t\t<div class=\"elementor-element elementor-element-1b09084 elementor-widget elementor-widget-wd_text_block\" data-id=\"1b09084\" data-element_type=\"widget\" data-e-type=\"widget\" data-widget_type=\"wd_text_block.default\">\n\t\t\t\t<div class=\"elementor-widget-container\">\n\t\t\t\t\t\t\t<div class=\"wd-text-block reset-last-child text-left\">\n\t\t\t\n\t\t\t<h2>Einweisung &amp; Pflegetipps inklusive<\/h2><p>Nach der Montage nehmen wir uns Zeit f\u00fcr dich: Du bekommst eine in den sicheren Umgang mit deinem Produkt. Egal ob Schirm oder Heizstrahler \u2013 wir zeigen dir alles, was du wissen musst:<\/p><ul><li>Wie funktioniert der Kurbelmechanismus?<\/li><li>Wie positionierst du den Schirm optimal?<\/li><li>Was ist bei Wind, Regen oder Frost zu beachten?<\/li><li>Wie pflegst du Stoffe, Gestell und Technik richtig?<\/li><\/ul><p>Au\u00dferdem bekommst du von uns <strong>wertvolle Tipps &amp; Tricks<\/strong> zur sicheren Handhabung, zum Aufbau und zur Verl\u00e4ngerung der Lebensdauer deiner Produkte.<\/p><h2>Du brauchst Hilfe? Wir sind f\u00fcr dich da!<\/h2><p>Ob <strong>Nachr\u00fcstung, Erweiterung oder Wartung<\/strong> \u2013 unser Team steht dir jederzeit mit Rat und Tat zur Seite. Du planst ein gr\u00f6\u00dferes Projekt auf deiner Terrasse oder im Garten? Sprich uns gern an \u2013 wir beraten dich individuell und unverbindlich.<\/p>\n\t\t\t\t\t<\/div>\n\t\t\t\t\t\t<\/div>\n\t\t\t\t<\/div>\n\t\t\t\t<\/div>\n\t\t\t\t\t<\/div>\n\t\t\t\t<\/div>\n\t\t\t\t<\/div>\n\t\t","protected":false},"excerpt":{"rendered":"<p>Unser Service f\u00fcr dich vor Ort in Berlin und Umgebung Du m\u00f6chtest deinen neuen Sonnenschirm oder Heizstrahler nicht nur online<\/p>\n","protected":false},"author":4,"featured_media":0,"parent":0,"menu_order":0,"comment_status":"closed","ping_status":"closed","template":"","meta":{"footnotes":""},"class_list":["post-287","page","type-page","status-publish","hentry"],"_links":{"self":[{"href":"https:\/\/nagai.de\/shop\/wp-json\/wp\/v2\/pages\/287","targetHints":{"allow":["GET"]}}],"collection":[{"href":"https:\/\/nagai.de\/shop\/wp-json\/wp\/v2\/pages"}],"about":[{"href":"https:\/\/nagai.de\/shop\/wp-json\/wp\/v2\/types\/page"}],"author":[{"embeddable":true,"href":"https:\/\/nagai.de\/shop\/wp-json\/wp\/v2\/users\/4"}],"replies":[{"embeddable":true,"href":"https:\/\/nagai.de\/shop\/wp-json\/wp\/v2\/comments?post=287"}],"version-history":[{"count":7,"href":"https:\/\/nagai.de\/shop\/wp-json\/wp\/v2\/pages\/287\/revisions"}],"predecessor-version":[{"id":19038,"href":"https:\/\/nagai.de\/shop\/wp-json\/wp\/v2\/pages\/287\/revisions\/19038"}],"wp:attachment":[{"href":"https:\/\/nagai.de\/shop\/wp-json\/wp\/v2\/media?parent=287"}],"curies":[{"name":"wp","href":"https:\/\/api.w.org\/{rel}","templated":true}]}}