{"id":16558,"date":"2025-04-17T19:25:05","date_gmt":"2025-04-17T17:25:05","guid":{"rendered":"https:\/\/nagai.de\/shop\/produkt\/heizstrahler-heatzone-mit-keramikbeschichtung\/"},"modified":"2026-03-13T13:33:47","modified_gmt":"2026-03-13T12:33:47","slug":"heizstrahler-heatzone-mit-keramikbeschichtung","status":"publish","type":"product","link":"https:\/\/nagai.de\/shop\/produkt\/heizstrahler-heatzone-mit-keramikbeschichtung\/","title":{"rendered":"Heizstrahler HeatZone mit Keramikbeschichtung"},"content":{"rendered":"<p>Heizstrahler Terrasse Infrarot wie der HeatZone sorgt f\u00fcr angenehme Strahlungsw\u00e4rme genau dort, wo sie gebraucht wird \u2013 ganz ohne st\u00f6rendes Licht. Als Dunkelstrahler mit hochwertiger Keramikbeschichtung arbeitet er besonders effizient und sorgt f\u00fcr behagliche W\u00e4rme wie ein moderner Kachelofen. Die elegante Form f\u00fcgt sich dezent in jede Umgebung ein \u2013 privat oder gewerblich.<\/p>\n<h4>\u2705 Vorteile auf einen Blick:<\/h4>\n<ul>\n<li><strong>Zwei Leistungsstufen:<\/strong> 1800\u202fW oder 2400\u202fW \u2013 f\u00fcr unterschiedliche Fl\u00e4chen und W\u00e4rmebed\u00fcrfnisse<\/li>\n<li><strong>Design-Optionen:<\/strong> In edlem Schwarz oder stilvollem Wei\u00df erh\u00e4ltlich<\/li>\n<li><strong>Infrarot-Dunkelstrahlung:<\/strong> Keine Lichtemission, reine W\u00e4rme \u2013 perfekt f\u00fcr wohnliche Bereiche<\/li>\n<li><strong>Steuerung w\u00e4hlbar:<\/strong> Mit oder ohne Somfy \u2013 je nach Wunsch und System<\/li>\n<li><strong>Red Dot Design Award:<\/strong> Ausgezeichnet f\u00fcr sein reduziertes, elegantes Design<\/li>\n<li><strong>Robust &amp; langlebig:<\/strong> Bis zu 20.000 Betriebsstunden, Schutzklasse IPX4<\/li>\n<li><strong>Vielseitig einsetzbar:<\/strong> F\u00fcr Winterg\u00e4rten, Wohnr\u00e4ume, Gastronomie, Spa- &amp; Arbeitsbereiche<\/li>\n<\/ul>\n<h3>\ud83d\udcd0 Technische Daten:<\/h3>\n<table>\n<thead>\n<tr>\n<th>Merkmal<\/th>\n<th>1800\u202fW Variante<\/th>\n<th>2400\u202fW Variante<\/th>\n<\/tr>\n<\/thead>\n<tbody>\n<tr>\n<td>Ma\u00dfe (L \u00d7 B \u00d7 H)<\/td>\n<td>115 \u00d7 17 \u00d7 7,5\u202fcm<\/td>\n<td>160 \u00d7 17 \u00d7 7,5\u202fcm<\/td>\n<\/tr>\n<tr>\n<td>Beheizbare Fl\u00e4che<\/td>\n<td>bis ca. 5,5\u202fm\u00b2<\/td>\n<td>bis ca. 7,3\u202fm\u00b2<\/td>\n<\/tr>\n<tr>\n<td>Aufheizzeit<\/td>\n<td>ca. 10 Minuten<\/td>\n<td>ca. 10 Minuten<\/td>\n<\/tr>\n<tr>\n<td>Oberfl\u00e4chentemperatur<\/td>\n<td>max. 360\u202f\u00b0C<\/td>\n<td>max. 360\u202f\u00b0C<\/td>\n<\/tr>\n<tr>\n<td>Infrarotbereich<\/td>\n<td>IR-C (Langwelle)<\/td>\n<td>IR-C (Langwelle)<\/td>\n<\/tr>\n<tr>\n<td>Schutzklasse<\/td>\n<td>IPX4<\/td>\n<td>IPX4<\/td>\n<\/tr>\n<tr>\n<td>Spannung<\/td>\n<td>230\u202fV \/ 50\u202fHz<\/td>\n<td>230\u202fV \/ 50\u202fHz<\/td>\n<\/tr>\n<tr>\n<td>Steuerung<\/td>\n<td>Optional mit Somfy<\/td>\n<td>Optional mit Somfy<\/td>\n<\/tr>\n<\/tbody>\n<\/table>\n<h3>\ud83d\udce6 Lieferumfang:<\/h3>\n<ul>\n<li>HeatZone Infrarotstrahler in gew\u00e4hlter Farbe<\/li>\n<li>Gelenke zur Wand- oder Deckenmontage<\/li>\n<li>Optional: Steuerungssysteme und Zubeh\u00f6r je nach Konfiguration<\/li>\n<\/ul>\n<p><strong>Der HeatZone ist die perfekte L\u00f6sung f\u00fcr alle, die moderne W\u00e4rme mit minimalistischem Design kombinieren m\u00f6chten \u2013 effizient, leise und unauff\u00e4llig.<\/strong><\/p>\n<p>Der <strong data-start=\"1220\" data-end=\"1254\">Heizstrahler Terrasse Infrarot<\/strong> eignet sich ideal f\u00fcr Winterg\u00e4rten, \u00fcberdachte Terrassen, Gastronomie oder private Au\u00dfenbereiche. Durch die moderne Infrarot-Technologie entsteht eine besonders angenehme W\u00e4rme, die direkt Personen und Oberfl\u00e4chen erw\u00e4rmt. Gerade an k\u00fchlen Abenden sorgt der HeatZone Heizstrahler f\u00fcr eine gem\u00fctliche Atmosph\u00e4re und verl\u00e4ngert die Nutzung von Terrasse oder Wintergarten deutlich.<\/p>\n<h2 data-section-id=\"qkw894\" data-start=\"360\" data-end=\"417\">Angenehme W\u00e4rme mit Infrarot-Heizstrahler f\u00fcr Terrasse<\/h2>\n<p data-start=\"419\" data-end=\"852\">Der <strong data-start=\"423\" data-end=\"466\">Heizstrahler Terrasse Infrarot HeatZone<\/strong> ist eine moderne L\u00f6sung f\u00fcr alle, die auch an k\u00fchleren Tagen angenehme W\u00e4rme im Au\u00dfenbereich genie\u00dfen m\u00f6chten. Durch die innovative Infrarot-Dunkelstrahler-Technologie wird die W\u00e4rme direkt an Personen und Oberfl\u00e4chen abgegeben, ohne st\u00f6rendes Licht zu erzeugen. Dadurch eignet sich dieser Heizstrahler ideal f\u00fcr Terrassen, Winterg\u00e4rten, Gastronomiebereiche oder \u00fcberdachte Sitzpl\u00e4tze.<\/p>\n<h2 data-section-id=\"ksytl3\" data-start=\"859\" data-end=\"910\">Effiziente Heiztechnik durch Keramikbeschichtung<\/h2>\n<p data-start=\"912\" data-end=\"1300\">Dank der hochwertigen Keramikbeschichtung arbeitet der Heizstrahler besonders effizient und langlebig. Die W\u00e4rme verteilt sich gleichm\u00e4\u00dfig und sorgt schnell f\u00fcr eine angenehme Atmosph\u00e4re. Gerade auf Terrassen oder in Winterg\u00e4rten schafft der <strong data-start=\"1154\" data-end=\"1188\">Heizstrahler Terrasse Infrarot<\/strong> eine gem\u00fctliche Umgebung, sodass Sie Ihre Au\u00dfenbereiche deutlich l\u00e4nger nutzen k\u00f6nnen \u2013 auch an k\u00fchlen Abenden.<\/p>\n<h2 data-section-id=\"1ajp0ck\" data-start=\"1307\" data-end=\"1355\">Modernes Design f\u00fcr Terrasse und Wintergarten<\/h2>\n<p data-start=\"1357\" data-end=\"1720\">Neben der leistungsstarken Heiztechnik \u00fcberzeugt der HeatZone Heizstrahler auch durch sein schlankes und modernes Design. Die elegante Form f\u00fcgt sich harmonisch in unterschiedliche Umgebungen ein \u2013 egal ob im privaten Garten, auf der Terrasse oder im gastronomischen Au\u00dfenbereich. Der Heizstrahler verbindet Funktionalit\u00e4t, Design und effiziente W\u00e4rmetechnologie.<\/p>\n<h2 data-section-id=\"1vw2bdz\" data-start=\"130\" data-end=\"180\">Ideale W\u00e4rmel\u00f6sung f\u00fcr Terrasse und Gastronomie<\/h2>\n<p data-start=\"182\" data-end=\"534\" data-is-last-node=\"\" data-is-only-node=\"\">Der <strong data-start=\"186\" data-end=\"229\">Heizstrahler Terrasse Infrarot HeatZone<\/strong> eignet sich perfekt f\u00fcr private Terrassen, Winterg\u00e4rten sowie gastronomische Au\u00dfenbereiche. Durch die gezielte Infrarotw\u00e4rme entsteht sofort eine angenehme Temperatur, ohne Energie zu verschwenden. So genie\u00dfen Sie auch an k\u00fchlen Tagen komfortable W\u00e4rme und verl\u00e4ngern die Nutzung Ihrer Terrasse deutlich.<\/p>\n<h3>Onlineshop<\/h3>\n<p>Im <strong data-start=\"1719\" data-end=\"1760\">Nagai Onlineshop Berlin Reinickendorf<\/strong> finden Sie hochwertige Heizstrahler f\u00fcr Terrasse, Wintergarten und Gastronomie. Der HeatZone Infrarot-Heizstrahler \u00fcberzeugt durch langlebige Technik, elegantes Design und eine besonders effiziente W\u00e4rmeabgabe. Dank moderner Keramikbeschichtung wird die W\u00e4rme optimal verteilt, w\u00e4hrend das schlanke Geh\u00e4use sich harmonisch in jede Umgebung einf\u00fcgt. Ob im privaten Garten, im Wintergarten oder im gastronomischen Au\u00dfenbereich \u2013 dieser Heizstrahler sorgt zuverl\u00e4ssig f\u00fcr angenehme Temperaturen.<\/p>\n","protected":false},"excerpt":{"rendered":"<div class=\"et_pb_module et_pb_wc_description et_pb_wc_description_0_tb_body dfw-6-short-description et_pb_bg_layout_light et_pb_text_align_left\">\n<div class=\"et_pb_module_inner\">\n<p><span class=\"relative -mx-px my-[-0.2rem] rounded px-px py-[0.2rem] transition-colors duration-100 ease-in-out\">Der <strong data-start=\"4\" data-end=\"16\">HeatZone<\/strong> von ExtremeLine ist ein leistungsstarker Infrarot-Dunkelstrahler, der angenehme W\u00e4rme ohne sichtbares Licht liefert.<\/span> <span class=\"relative -mx-px my-[-0.2rem] rounded px-px py-[0.2rem] transition-colors duration-100 ease-in-out\">Ideal f\u00fcr Winterg\u00e4rten, Wohnr\u00e4ume, Gastronomie und \u00f6ffentliche Bereiche.<\/span> <span class=\"relative -mx-px my-[-0.2rem] rounded px-px py-[0.2rem] transition-colors duration-100 ease-in-out\">Mit seinem schlanken Design und der effizienten Keramikbeschichtung sorgt er f\u00fcr behagliche Temperaturen und f\u00fcgt sich dezent in jedes Ambiente ein.<\/span><\/p>\n<\/div>\n<\/div>\n","protected":false},"featured_media":16576,"comment_status":"open","ping_status":"closed","template":"","meta":[],"product_brand":[287],"product_cat":[286],"product_tag":[683],"class_list":{"0":"post-16558","1":"product","2":"type-product","3":"status-publish","4":"has-post-thumbnail","6":"product_brand-extreme-line","7":"product_cat-heizstrahler","8":"product_tag-beheizung","9":"product_shipping_class-zone-3-heizstrahler","11":"first","12":"instock","13":"taxable","14":"shipping-taxable","15":"purchasable","16":"product-type-variable","17":"has-default-attributes"},"_links":{"self":[{"href":"https:\/\/nagai.de\/shop\/wp-json\/wp\/v2\/product\/16558","targetHints":{"allow":["GET"]}}],"collection":[{"href":"https:\/\/nagai.de\/shop\/wp-json\/wp\/v2\/product"}],"about":[{"href":"https:\/\/nagai.de\/shop\/wp-json\/wp\/v2\/types\/product"}],"replies":[{"embeddable":true,"href":"https:\/\/nagai.de\/shop\/wp-json\/wp\/v2\/comments?post=16558"}],"version-history":[{"count":8,"href":"https:\/\/nagai.de\/shop\/wp-json\/wp\/v2\/product\/16558\/revisions"}],"predecessor-version":[{"id":19371,"href":"https:\/\/nagai.de\/shop\/wp-json\/wp\/v2\/product\/16558\/revisions\/19371"}],"wp:featuredmedia":[{"embeddable":true,"href":"https:\/\/nagai.de\/shop\/wp-json\/wp\/v2\/media\/16576"}],"wp:attachment":[{"href":"https:\/\/nagai.de\/shop\/wp-json\/wp\/v2\/media?parent=16558"}],"wp:term":[{"taxonomy":"product_brand","embeddable":true,"href":"https:\/\/nagai.de\/shop\/wp-json\/wp\/v2\/product_brand?post=16558"},{"taxonomy":"product_cat","embeddable":true,"href":"https:\/\/nagai.de\/shop\/wp-json\/wp\/v2\/product_cat?post=16558"},{"taxonomy":"product_tag","embeddable":true,"href":"https:\/\/nagai.de\/shop\/wp-json\/wp\/v2\/product_tag?post=16558"}],"curies":[{"name":"wp","href":"https:\/\/api.w.org\/{rel}","templated":true}]}}