{"id":16894,"date":"2025-04-25T11:13:41","date_gmt":"2025-04-25T09:13:41","guid":{"rendered":"https:\/\/nagai.de\/shop\/produkt\/sonnenschirm-ampelschirm-standrahmen-dmz420\/"},"modified":"2025-06-03T19:41:51","modified_gmt":"2025-06-03T17:41:51","slug":"sonnenschirm-ampelschirm-standrahmen-dmz420","status":"publish","type":"product","link":"https:\/\/nagai.de\/shop\/produkt\/sonnenschirm-ampelschirm-standrahmen-dmz420\/","title":{"rendered":"Standrahmen (DMZ420)"},"content":{"rendered":"","protected":false},"excerpt":{"rendered":"<p>f\u00fcr Transport mit Gabelstapler oder Hubwagen. Passend f\u00fcr 1 Satz handels\u00fcbliche Betonplatten 40 x 40 x 5 cm.<\/p>\n","protected":false},"featured_media":16965,"comment_status":"open","ping_status":"closed","template":"","meta":[],"product_brand":[],"product_cat":[677,687,676],"product_tag":[689],"class_list":{"0":"post-16894","1":"product","2":"type-product","3":"status-publish","4":"has-post-thumbnail","6":"product_cat-zubehoer-dacapo","7":"product_cat-zubehoer-filius","8":"product_cat-zubehoer-mezzo","9":"product_tag-mobile-befestigungselemente","10":"product_shipping_class-zubehoer-schirme","12":"first","13":"instock","14":"taxable","15":"shipping-taxable","16":"purchasable","17":"product-type-simple"},"_links":{"self":[{"href":"https:\/\/nagai.de\/shop\/wp-json\/wp\/v2\/product\/16894","targetHints":{"allow":["GET"]}}],"collection":[{"href":"https:\/\/nagai.de\/shop\/wp-json\/wp\/v2\/product"}],"about":[{"href":"https:\/\/nagai.de\/shop\/wp-json\/wp\/v2\/types\/product"}],"replies":[{"embeddable":true,"href":"https:\/\/nagai.de\/shop\/wp-json\/wp\/v2\/comments?post=16894"}],"version-history":[{"count":4,"href":"https:\/\/nagai.de\/shop\/wp-json\/wp\/v2\/product\/16894\/revisions"}],"predecessor-version":[{"id":18905,"href":"https:\/\/nagai.de\/shop\/wp-json\/wp\/v2\/product\/16894\/revisions\/18905"}],"wp:featuredmedia":[{"embeddable":true,"href":"https:\/\/nagai.de\/shop\/wp-json\/wp\/v2\/media\/16965"}],"wp:attachment":[{"href":"https:\/\/nagai.de\/shop\/wp-json\/wp\/v2\/media?parent=16894"}],"wp:term":[{"taxonomy":"product_brand","embeddable":true,"href":"https:\/\/nagai.de\/shop\/wp-json\/wp\/v2\/product_brand?post=16894"},{"taxonomy":"product_cat","embeddable":true,"href":"https:\/\/nagai.de\/shop\/wp-json\/wp\/v2\/product_cat?post=16894"},{"taxonomy":"product_tag","embeddable":true,"href":"https:\/\/nagai.de\/shop\/wp-json\/wp\/v2\/product_tag?post=16894"}],"curies":[{"name":"wp","href":"https:\/\/api.w.org\/{rel}","templated":true}]}}