{"id":16906,"date":"2025-04-25T11:13:43","date_gmt":"2025-04-25T09:13:43","guid":{"rendered":"https:\/\/nagai.de\/shop\/produkt\/schutzhuelle-fuer-mezzo-ampelschirme-sonnenschirme\/"},"modified":"2025-06-03T19:42:58","modified_gmt":"2025-06-03T17:42:58","slug":"schutzhuelle-fuer-mezzo-ampelschirme-sonnenschirme","status":"publish","type":"product","link":"https:\/\/nagai.de\/shop\/produkt\/schutzhuelle-fuer-mezzo-ampelschirme-sonnenschirme\/","title":{"rendered":"Dacapo \/ Mezzo Schutzh\u00fclle"},"content":{"rendered":"","protected":false},"excerpt":{"rendered":"<p>mit integriertem Alu-Stab und Rei\u00dfverschluss f\u00fcr einfachste Bedienung, aus Persenningmaterial, grau. Bitte Schirmgr\u00f6\u00dfe und Volantform angeben. Ist im Lieferumfang des Schirmes enthalten.<\/p>\n","protected":false},"featured_media":16967,"comment_status":"open","ping_status":"closed","template":"","meta":[],"product_brand":[],"product_cat":[677,676],"product_tag":[690],"class_list":{"0":"post-16906","1":"product","2":"type-product","3":"status-publish","4":"has-post-thumbnail","6":"product_cat-zubehoer-dacapo","7":"product_cat-zubehoer-mezzo","8":"product_tag-zusatz-ausstattung","9":"product_shipping_class-zubehoer-schirme","11":"first","12":"instock","13":"taxable","14":"shipping-taxable","15":"purchasable","16":"product-type-variable"},"_links":{"self":[{"href":"https:\/\/nagai.de\/shop\/wp-json\/wp\/v2\/product\/16906","targetHints":{"allow":["GET"]}}],"collection":[{"href":"https:\/\/nagai.de\/shop\/wp-json\/wp\/v2\/product"}],"about":[{"href":"https:\/\/nagai.de\/shop\/wp-json\/wp\/v2\/types\/product"}],"replies":[{"embeddable":true,"href":"https:\/\/nagai.de\/shop\/wp-json\/wp\/v2\/comments?post=16906"}],"version-history":[{"count":5,"href":"https:\/\/nagai.de\/shop\/wp-json\/wp\/v2\/product\/16906\/revisions"}],"predecessor-version":[{"id":18911,"href":"https:\/\/nagai.de\/shop\/wp-json\/wp\/v2\/product\/16906\/revisions\/18911"}],"wp:featuredmedia":[{"embeddable":true,"href":"https:\/\/nagai.de\/shop\/wp-json\/wp\/v2\/media\/16967"}],"wp:attachment":[{"href":"https:\/\/nagai.de\/shop\/wp-json\/wp\/v2\/media?parent=16906"}],"wp:term":[{"taxonomy":"product_brand","embeddable":true,"href":"https:\/\/nagai.de\/shop\/wp-json\/wp\/v2\/product_brand?post=16906"},{"taxonomy":"product_cat","embeddable":true,"href":"https:\/\/nagai.de\/shop\/wp-json\/wp\/v2\/product_cat?post=16906"},{"taxonomy":"product_tag","embeddable":true,"href":"https:\/\/nagai.de\/shop\/wp-json\/wp\/v2\/product_tag?post=16906"}],"curies":[{"name":"wp","href":"https:\/\/api.w.org\/{rel}","templated":true}]}}