{"id":17431,"date":"2025-05-26T19:42:12","date_gmt":"2025-05-26T17:42:12","guid":{"rendered":"https:\/\/nagai.de\/shop\/produkt\/standplatte-mit-klappscharnier-feuerverzinkt-16er-set-az259\/"},"modified":"2025-06-03T19:41:56","modified_gmt":"2025-06-03T17:41:56","slug":"standplatte-mit-klappscharnier-feuerverzinkt-16er-set-az259","status":"publish","type":"product","link":"https:\/\/nagai.de\/shop\/produkt\/standplatte-mit-klappscharnier-feuerverzinkt-16er-set-az259\/","title":{"rendered":"Standplatte mit Klappscharnier, feuerverzinkt, 16er Set (AZ259)"},"content":{"rendered":"","protected":false},"excerpt":{"rendered":"<p>Gesamth\u00f6he wird auftragsbezogen ebenerdig zum Terrassenboden festgelegt, 4-lagig, 16 Stahlplatten, werden vor Ort zusammengeschraubt, schwerstes Bauteil ca. 63 kg, Oberteil abschraubbar, serienm\u00e4\u00dfig abschlie\u00dfbar mit Diebstahlsicherung, inkl. Abdeckplatte f\u00fcr Winterabdeckung.<\/p>\n","protected":false},"featured_media":17487,"comment_status":"open","ping_status":"closed","template":"","meta":[],"product_brand":[],"product_cat":[665,677,676],"product_tag":[688],"class_list":{"0":"post-17431","1":"product","2":"type-product","3":"status-publish","4":"has-post-thumbnail","6":"product_cat-zubehoer-albatros","7":"product_cat-zubehoer-dacapo","8":"product_cat-zubehoer-mezzo","9":"product_tag-stationaere-befestigungselemente","10":"product_shipping_class-zubehoer-schirme","12":"first","13":"instock","14":"taxable","15":"shipping-taxable","16":"purchasable","17":"product-type-simple"},"_links":{"self":[{"href":"https:\/\/nagai.de\/shop\/wp-json\/wp\/v2\/product\/17431","targetHints":{"allow":["GET"]}}],"collection":[{"href":"https:\/\/nagai.de\/shop\/wp-json\/wp\/v2\/product"}],"about":[{"href":"https:\/\/nagai.de\/shop\/wp-json\/wp\/v2\/types\/product"}],"replies":[{"embeddable":true,"href":"https:\/\/nagai.de\/shop\/wp-json\/wp\/v2\/comments?post=17431"}],"version-history":[{"count":4,"href":"https:\/\/nagai.de\/shop\/wp-json\/wp\/v2\/product\/17431\/revisions"}],"predecessor-version":[{"id":18916,"href":"https:\/\/nagai.de\/shop\/wp-json\/wp\/v2\/product\/17431\/revisions\/18916"}],"wp:featuredmedia":[{"embeddable":true,"href":"https:\/\/nagai.de\/shop\/wp-json\/wp\/v2\/media\/17487"}],"wp:attachment":[{"href":"https:\/\/nagai.de\/shop\/wp-json\/wp\/v2\/media?parent=17431"}],"wp:term":[{"taxonomy":"product_brand","embeddable":true,"href":"https:\/\/nagai.de\/shop\/wp-json\/wp\/v2\/product_brand?post=17431"},{"taxonomy":"product_cat","embeddable":true,"href":"https:\/\/nagai.de\/shop\/wp-json\/wp\/v2\/product_cat?post=17431"},{"taxonomy":"product_tag","embeddable":true,"href":"https:\/\/nagai.de\/shop\/wp-json\/wp\/v2\/product_tag?post=17431"}],"curies":[{"name":"wp","href":"https:\/\/api.w.org\/{rel}","templated":true}]}}