{"id":17436,"date":"2025-05-26T19:45:15","date_gmt":"2025-05-26T17:45:15","guid":{"rendered":"https:\/\/nagai.de\/shop\/produkt\/standplatte-mit-klappscharnier-feuerverzinkt-4er-set-az246\/"},"modified":"2025-06-03T19:41:56","modified_gmt":"2025-06-03T17:41:56","slug":"standplatte-mit-klappscharnier-feuerverzinkt-4er-set-az246","status":"publish","type":"product","link":"https:\/\/nagai.de\/shop\/produkt\/standplatte-mit-klappscharnier-feuerverzinkt-4er-set-az246\/","title":{"rendered":"Standplatte mit Klappscharnier, feuerverzinkt, 4er Set (AZ246)"},"content":{"rendered":"","protected":false},"excerpt":{"rendered":"<p>1-lagig, 4 Stahlplatten, werden vor Ort zusammengeschraubt, schwerstes Bauteil ca. 63 kg, serienm\u00e4\u00dfig abschlie\u00dfbar mit Diebstahlsicherung.<\/p>\n","protected":false},"featured_media":17488,"comment_status":"open","ping_status":"closed","template":"","meta":[],"product_brand":[],"product_cat":[665,677,676],"product_tag":[688],"class_list":{"0":"post-17436","1":"product","2":"type-product","3":"status-publish","4":"has-post-thumbnail","6":"product_cat-zubehoer-albatros","7":"product_cat-zubehoer-dacapo","8":"product_cat-zubehoer-mezzo","9":"product_tag-stationaere-befestigungselemente","10":"product_shipping_class-zubehoer-schirme","12":"first","13":"instock","14":"taxable","15":"shipping-taxable","16":"purchasable","17":"product-type-simple"},"_links":{"self":[{"href":"https:\/\/nagai.de\/shop\/wp-json\/wp\/v2\/product\/17436","targetHints":{"allow":["GET"]}}],"collection":[{"href":"https:\/\/nagai.de\/shop\/wp-json\/wp\/v2\/product"}],"about":[{"href":"https:\/\/nagai.de\/shop\/wp-json\/wp\/v2\/types\/product"}],"replies":[{"embeddable":true,"href":"https:\/\/nagai.de\/shop\/wp-json\/wp\/v2\/comments?post=17436"}],"version-history":[{"count":4,"href":"https:\/\/nagai.de\/shop\/wp-json\/wp\/v2\/product\/17436\/revisions"}],"predecessor-version":[{"id":18917,"href":"https:\/\/nagai.de\/shop\/wp-json\/wp\/v2\/product\/17436\/revisions\/18917"}],"wp:featuredmedia":[{"embeddable":true,"href":"https:\/\/nagai.de\/shop\/wp-json\/wp\/v2\/media\/17488"}],"wp:attachment":[{"href":"https:\/\/nagai.de\/shop\/wp-json\/wp\/v2\/media?parent=17436"}],"wp:term":[{"taxonomy":"product_brand","embeddable":true,"href":"https:\/\/nagai.de\/shop\/wp-json\/wp\/v2\/product_brand?post=17436"},{"taxonomy":"product_cat","embeddable":true,"href":"https:\/\/nagai.de\/shop\/wp-json\/wp\/v2\/product_cat?post=17436"},{"taxonomy":"product_tag","embeddable":true,"href":"https:\/\/nagai.de\/shop\/wp-json\/wp\/v2\/product_tag?post=17436"}],"curies":[{"name":"wp","href":"https:\/\/api.w.org\/{rel}","templated":true}]}}