{"id":17523,"date":"2025-05-27T14:50:51","date_gmt":"2025-05-27T12:50:51","guid":{"rendered":"https:\/\/nagai.de\/shop\/produkt\/ankerhuelse-mit-steckoberteil-zum-einbetonieren-dmz169\/"},"modified":"2025-06-03T19:42:03","modified_gmt":"2025-06-03T17:42:03","slug":"ankerhuelse-mit-steckoberteil-zum-einbetonieren-dmz169","status":"publish","type":"product","link":"https:\/\/nagai.de\/shop\/produkt\/ankerhuelse-mit-steckoberteil-zum-einbetonieren-dmz169\/","title":{"rendered":"Ankerh\u00fclse mit Steckoberteil zum Einbetonieren (DMZ169)"},"content":{"rendered":"","protected":false},"excerpt":{"rendered":"<p>zum t\u00e4glichen Auf- und Abbauen ohne Werkzeug geeignet, zweiteilig, Ankerh\u00fclse mit Bajonettverschluss ist mit einem Zentrierzapfen in der Bodenh\u00fclse gesichert, inkl. Abdeckplatte f\u00fcr Winterabdeckung.<\/p>\n","protected":false},"featured_media":17554,"comment_status":"open","ping_status":"closed","template":"","meta":[],"product_brand":[],"product_cat":[677,687,676],"product_tag":[688],"class_list":{"0":"post-17523","1":"product","2":"type-product","3":"status-publish","4":"has-post-thumbnail","6":"product_cat-zubehoer-dacapo","7":"product_cat-zubehoer-filius","8":"product_cat-zubehoer-mezzo","9":"product_tag-stationaere-befestigungselemente","10":"product_shipping_class-zubehoer-schirme","12":"first","13":"instock","14":"taxable","15":"shipping-taxable","16":"purchasable","17":"product-type-simple"},"_links":{"self":[{"href":"https:\/\/nagai.de\/shop\/wp-json\/wp\/v2\/product\/17523","targetHints":{"allow":["GET"]}}],"collection":[{"href":"https:\/\/nagai.de\/shop\/wp-json\/wp\/v2\/product"}],"about":[{"href":"https:\/\/nagai.de\/shop\/wp-json\/wp\/v2\/types\/product"}],"replies":[{"embeddable":true,"href":"https:\/\/nagai.de\/shop\/wp-json\/wp\/v2\/comments?post=17523"}],"version-history":[{"count":5,"href":"https:\/\/nagai.de\/shop\/wp-json\/wp\/v2\/product\/17523\/revisions"}],"predecessor-version":[{"id":18926,"href":"https:\/\/nagai.de\/shop\/wp-json\/wp\/v2\/product\/17523\/revisions\/18926"}],"wp:featuredmedia":[{"embeddable":true,"href":"https:\/\/nagai.de\/shop\/wp-json\/wp\/v2\/media\/17554"}],"wp:attachment":[{"href":"https:\/\/nagai.de\/shop\/wp-json\/wp\/v2\/media?parent=17523"}],"wp:term":[{"taxonomy":"product_brand","embeddable":true,"href":"https:\/\/nagai.de\/shop\/wp-json\/wp\/v2\/product_brand?post=17523"},{"taxonomy":"product_cat","embeddable":true,"href":"https:\/\/nagai.de\/shop\/wp-json\/wp\/v2\/product_cat?post=17523"},{"taxonomy":"product_tag","embeddable":true,"href":"https:\/\/nagai.de\/shop\/wp-json\/wp\/v2\/product_tag?post=17523"}],"curies":[{"name":"wp","href":"https:\/\/api.w.org\/{rel}","templated":true}]}}