{"id":17527,"date":"2025-05-27T14:50:52","date_gmt":"2025-05-27T12:50:52","guid":{"rendered":"https:\/\/nagai.de\/shop\/produkt\/wandbefestigung-keine-durchgangsbohrung-dmz125\/"},"modified":"2025-06-03T19:42:04","modified_gmt":"2025-06-03T17:42:04","slug":"wandbefestigung-keine-durchgangsbohrung-dmz125","status":"publish","type":"product","link":"https:\/\/nagai.de\/shop\/produkt\/wandbefestigung-keine-durchgangsbohrung-dmz125\/","title":{"rendered":"Wandbefestigung &#8211; keine Durchgangsbohrung (DMZ125)"},"content":{"rendered":"","protected":false},"excerpt":{"rendered":"<p>Schirmmast-Unterkante steht in H\u00fclsen-Unterkante auf. Bei Typ MEZZO ist die Anwendung nur sinnvoll bei niedrigen Br\u00fcstungen und Abs\u00e4tzen, da das Schirmdach sonst an die Wand st\u00f6\u00dft.<\/p>\n","protected":false},"featured_media":17559,"comment_status":"open","ping_status":"closed","template":"","meta":[],"product_brand":[],"product_cat":[677,687,676],"product_tag":[688],"class_list":{"0":"post-17527","1":"product","2":"type-product","3":"status-publish","4":"has-post-thumbnail","6":"product_cat-zubehoer-dacapo","7":"product_cat-zubehoer-filius","8":"product_cat-zubehoer-mezzo","9":"product_tag-stationaere-befestigungselemente","10":"product_shipping_class-zubehoer-schirme","12":"first","13":"instock","14":"taxable","15":"shipping-taxable","16":"purchasable","17":"product-type-simple"},"_links":{"self":[{"href":"https:\/\/nagai.de\/shop\/wp-json\/wp\/v2\/product\/17527","targetHints":{"allow":["GET"]}}],"collection":[{"href":"https:\/\/nagai.de\/shop\/wp-json\/wp\/v2\/product"}],"about":[{"href":"https:\/\/nagai.de\/shop\/wp-json\/wp\/v2\/types\/product"}],"replies":[{"embeddable":true,"href":"https:\/\/nagai.de\/shop\/wp-json\/wp\/v2\/comments?post=17527"}],"version-history":[{"count":5,"href":"https:\/\/nagai.de\/shop\/wp-json\/wp\/v2\/product\/17527\/revisions"}],"predecessor-version":[{"id":18927,"href":"https:\/\/nagai.de\/shop\/wp-json\/wp\/v2\/product\/17527\/revisions\/18927"}],"wp:featuredmedia":[{"embeddable":true,"href":"https:\/\/nagai.de\/shop\/wp-json\/wp\/v2\/media\/17559"}],"wp:attachment":[{"href":"https:\/\/nagai.de\/shop\/wp-json\/wp\/v2\/media?parent=17527"}],"wp:term":[{"taxonomy":"product_brand","embeddable":true,"href":"https:\/\/nagai.de\/shop\/wp-json\/wp\/v2\/product_brand?post=17527"},{"taxonomy":"product_cat","embeddable":true,"href":"https:\/\/nagai.de\/shop\/wp-json\/wp\/v2\/product_cat?post=17527"},{"taxonomy":"product_tag","embeddable":true,"href":"https:\/\/nagai.de\/shop\/wp-json\/wp\/v2\/product_tag?post=17527"}],"curies":[{"name":"wp","href":"https:\/\/api.w.org\/{rel}","templated":true}]}}