{"id":17529,"date":"2025-05-27T14:50:53","date_gmt":"2025-05-27T12:50:53","guid":{"rendered":"https:\/\/nagai.de\/shop\/produkt\/gegenhalterplatte-fuer-dmz125-und-dmz170-in-kombination-mit-gewindestangen-200084\/"},"modified":"2025-06-03T19:42:04","modified_gmt":"2025-06-03T17:42:04","slug":"gegenhalterplatte-fuer-dmz125-und-dmz170-in-kombination-mit-gewindestangen-200084","status":"publish","type":"product","link":"https:\/\/nagai.de\/shop\/produkt\/gegenhalterplatte-fuer-dmz125-und-dmz170-in-kombination-mit-gewindestangen-200084\/","title":{"rendered":"Gegenhalterplatte f\u00fcr DMZ125 und DMZ170 in Kombination mit Gewindestangen (200084)"},"content":{"rendered":"","protected":false},"excerpt":{"rendered":"<p>passend f\u00fcr DMZ125 und DMZ170, zum Verklemmen an bestehende St\u00fctzen, ist nur machbar, wenn diese sehr stabil sind. Bohrungen sind f\u00fcr M16-Gewindestangen ausgelegt. Diese sind nicht im Lieferumfang enthalten.<\/p>\n","protected":false},"featured_media":18881,"comment_status":"open","ping_status":"closed","template":"","meta":[],"product_brand":[],"product_cat":[677,687,676],"product_tag":[688],"class_list":{"0":"post-17529","1":"product","2":"type-product","3":"status-publish","4":"has-post-thumbnail","6":"product_cat-zubehoer-dacapo","7":"product_cat-zubehoer-filius","8":"product_cat-zubehoer-mezzo","9":"product_tag-stationaere-befestigungselemente","10":"product_shipping_class-zubehoer-schirme","12":"first","13":"instock","14":"taxable","15":"shipping-taxable","16":"purchasable","17":"product-type-simple"},"_links":{"self":[{"href":"https:\/\/nagai.de\/shop\/wp-json\/wp\/v2\/product\/17529","targetHints":{"allow":["GET"]}}],"collection":[{"href":"https:\/\/nagai.de\/shop\/wp-json\/wp\/v2\/product"}],"about":[{"href":"https:\/\/nagai.de\/shop\/wp-json\/wp\/v2\/types\/product"}],"replies":[{"embeddable":true,"href":"https:\/\/nagai.de\/shop\/wp-json\/wp\/v2\/comments?post=17529"}],"version-history":[{"count":5,"href":"https:\/\/nagai.de\/shop\/wp-json\/wp\/v2\/product\/17529\/revisions"}],"predecessor-version":[{"id":18928,"href":"https:\/\/nagai.de\/shop\/wp-json\/wp\/v2\/product\/17529\/revisions\/18928"}],"wp:featuredmedia":[{"embeddable":true,"href":"https:\/\/nagai.de\/shop\/wp-json\/wp\/v2\/media\/18881"}],"wp:attachment":[{"href":"https:\/\/nagai.de\/shop\/wp-json\/wp\/v2\/media?parent=17529"}],"wp:term":[{"taxonomy":"product_brand","embeddable":true,"href":"https:\/\/nagai.de\/shop\/wp-json\/wp\/v2\/product_brand?post=17529"},{"taxonomy":"product_cat","embeddable":true,"href":"https:\/\/nagai.de\/shop\/wp-json\/wp\/v2\/product_cat?post=17529"},{"taxonomy":"product_tag","embeddable":true,"href":"https:\/\/nagai.de\/shop\/wp-json\/wp\/v2\/product_tag?post=17529"}],"curies":[{"name":"wp","href":"https:\/\/api.w.org\/{rel}","templated":true}]}}