{"id":17537,"date":"2025-05-27T14:50:54","date_gmt":"2025-05-27T12:50:54","guid":{"rendered":"https:\/\/nagai.de\/shop\/produkt\/flachdach-ankerplatte-zum-aufduebeln-mit-ankerhuelsen-oberteil-dmz118-dmz186\/"},"modified":"2025-06-03T19:42:06","modified_gmt":"2025-06-03T17:42:06","slug":"flachdach-ankerplatte-zum-aufduebeln-mit-ankerhuelsen-oberteil-dmz118-dmz186","status":"publish","type":"product","link":"https:\/\/nagai.de\/shop\/produkt\/flachdach-ankerplatte-zum-aufduebeln-mit-ankerhuelsen-oberteil-dmz118-dmz186\/","title":{"rendered":"Flachdach-Ankerplatte zum Aufd\u00fcbeln mit Ankerh\u00fclsen-Oberteil DMZ118 (DMZ186)"},"content":{"rendered":"","protected":false},"excerpt":{"rendered":"<p>f\u00fcr Anschluss mit Fl\u00fcssigkunststoff; Gesamth\u00f6he wird auftragsbezogen ebenerdig zum Terrassenboden festgelegt.<\/p>\n","protected":false},"featured_media":17570,"comment_status":"open","ping_status":"closed","template":"","meta":[],"product_brand":[],"product_cat":[677,687,676],"product_tag":[688],"class_list":{"0":"post-17537","1":"product","2":"type-product","3":"status-publish","4":"has-post-thumbnail","6":"product_cat-zubehoer-dacapo","7":"product_cat-zubehoer-filius","8":"product_cat-zubehoer-mezzo","9":"product_tag-stationaere-befestigungselemente","10":"product_shipping_class-zubehoer-schirme","12":"first","13":"instock","14":"taxable","15":"shipping-taxable","16":"purchasable","17":"product-type-simple"},"_links":{"self":[{"href":"https:\/\/nagai.de\/shop\/wp-json\/wp\/v2\/product\/17537","targetHints":{"allow":["GET"]}}],"collection":[{"href":"https:\/\/nagai.de\/shop\/wp-json\/wp\/v2\/product"}],"about":[{"href":"https:\/\/nagai.de\/shop\/wp-json\/wp\/v2\/types\/product"}],"replies":[{"embeddable":true,"href":"https:\/\/nagai.de\/shop\/wp-json\/wp\/v2\/comments?post=17537"}],"version-history":[{"count":4,"href":"https:\/\/nagai.de\/shop\/wp-json\/wp\/v2\/product\/17537\/revisions"}],"predecessor-version":[{"id":18185,"href":"https:\/\/nagai.de\/shop\/wp-json\/wp\/v2\/product\/17537\/revisions\/18185"}],"wp:featuredmedia":[{"embeddable":true,"href":"https:\/\/nagai.de\/shop\/wp-json\/wp\/v2\/media\/17570"}],"wp:attachment":[{"href":"https:\/\/nagai.de\/shop\/wp-json\/wp\/v2\/media?parent=17537"}],"wp:term":[{"taxonomy":"product_brand","embeddable":true,"href":"https:\/\/nagai.de\/shop\/wp-json\/wp\/v2\/product_brand?post=17537"},{"taxonomy":"product_cat","embeddable":true,"href":"https:\/\/nagai.de\/shop\/wp-json\/wp\/v2\/product_cat?post=17537"},{"taxonomy":"product_tag","embeddable":true,"href":"https:\/\/nagai.de\/shop\/wp-json\/wp\/v2\/product_tag?post=17537"}],"curies":[{"name":"wp","href":"https:\/\/api.w.org\/{rel}","templated":true}]}}