{"id":17587,"date":"2025-05-27T15:24:19","date_gmt":"2025-05-27T13:24:19","guid":{"rendered":"https:\/\/nagai.de\/shop\/produkt\/standplatte-mit-ankerhuelsen-oberteil-dmz118-dmz139\/"},"modified":"2026-03-21T12:48:13","modified_gmt":"2026-03-21T11:48:13","slug":"standplatte-mit-ankerhuelsen-oberteil-dmz118-dmz139","status":"publish","type":"product","link":"https:\/\/nagai.de\/shop\/produkt\/standplatte-mit-ankerhuelsen-oberteil-dmz118-dmz139\/","title":{"rendered":"Standplatte mit Ankerh\u00fclsen-Oberteil DMZ118 (DMZ139)"},"content":{"rendered":"<h2 data-start=\"1036\" data-end=\"1106\">Sonnenschirm Standplatte Mezzo Berlin \u2013 die ideale L\u00f6sung<\/h2>\n<p data-start=\"1036\" data-end=\"1106\">Sonnenschirm Standplatte Mezzo Berlin \u2013 maximale Stabilit\u00e4t f\u00fcr Ihren Ampelschirm<\/p>\n<p data-start=\"1108\" data-end=\"1403\">Diese hochwertige Standplatte f\u00fcr Sonnenschirme sorgt f\u00fcr eine sichere und stabile Befestigung Ihres Ampelschirms. Besonders f\u00fcr Modelle wie <a href=\"https:\/\/nagai.de\/shop\/produkt\/mezzo-ampelschirm-rund\/\">Mezzo<\/a>, Filius oder DaCapo bietet diese Bodenplatte eine zuverl\u00e4ssige L\u00f6sung f\u00fcr Terrassen, G\u00e4rten und gewerbliche Au\u00dfenbereiche in Berlin und Brandenburg.<\/p>\n<p data-start=\"1420\" data-end=\"1466\"><strong data-start=\"1420\" data-end=\"1466\">Perfekt f\u00fcr Sonnenschirme und Ampelschirme<\/strong><\/p>\n<p data-start=\"1468\" data-end=\"1697\">Eine stabile Standplatte ist entscheidend f\u00fcr die Sicherheit Ihres Sonnenschirms. Gerade bei gr\u00f6\u00dferen Ampelschirmen wie dem Mezzo Sonnenschirm sorgt das hohe Gewicht und die feste Verankerung f\u00fcr optimalen Halt \u2013 auch bei Wind.<\/p>\n<p data-start=\"1699\" data-end=\"1734\">Diese L\u00f6sung eignet sich ideal f\u00fcr:<\/p>\n<ul data-start=\"1735\" data-end=\"1810\">\n<li data-start=\"1735\" data-end=\"1756\">private Terrassen<\/li>\n<li data-start=\"1757\" data-end=\"1779\">Gastronomiefl\u00e4chen<\/li>\n<li data-start=\"1780\" data-end=\"1810\">Balkone mit hoher Windlast<\/li>\n<\/ul>\n<p data-start=\"1827\" data-end=\"1868\"><strong data-start=\"1827\" data-end=\"1868\">Vorteile der Standplatte im \u00dcberblick<\/strong><\/p>\n<ul data-start=\"1870\" data-end=\"2033\">\n<li data-start=\"1870\" data-end=\"1904\">hohe Stabilit\u00e4t und Sicherheit<\/li>\n<li data-start=\"1905\" data-end=\"1940\">langlebige und robuste Bauweise<\/li>\n<li data-start=\"1941\" data-end=\"1991\">geeignet f\u00fcr verschiedene Sonnenschirm-Modelle<\/li>\n<li data-start=\"1992\" data-end=\"2033\">einfache Montage und flexible Nutzung<\/li>\n<\/ul>\n<p data-start=\"2050\" data-end=\"2094\"><strong data-start=\"2050\" data-end=\"2094\">Zubeh\u00f6r f\u00fcr Ihren Sonnenschirm in Berlin<\/strong><\/p>\n<p data-start=\"2096\" data-end=\"2329\">Als erfahrener Fachbetrieb in Berlin Reinickendorf bieten wir nicht nur hochwertige Sonnenschirme, sondern auch das passende Zubeh\u00f6r wie Standplatten, Befestigungssysteme und individuelle L\u00f6sungen f\u00fcr Ihre Terrasse oder Ihren Garten. Die Sonnenschirm Standplatte Mezzo Berlin \u00fcberzeugt durch Stabilit\u00e4t, Qualit\u00e4t und eine langlebige Konstruktion f\u00fcr den t\u00e4glichen Einsatz.<\/p>\n<p data-start=\"2346\" data-end=\"2390\"><strong data-start=\"2346\" data-end=\"2390\">Montage &amp; Beratung vom Fachbetrieb Nagai<\/strong><\/p>\n<p data-start=\"2392\" data-end=\"2609\">Wir beraten Sie pers\u00f6nlich vor Ort in Berlin, Frohnau, Tegel, Hermsdorf und Umgebung. Auf Wunsch \u00fcbernehmen wir auch die fachgerechte Montage Ihrer Sonnenschirm-Standplatte \u2013 f\u00fcr maximale Sicherheit und Langlebigkeit.<\/p>\n<p data-start=\"1577\" data-end=\"1632\"><strong data-start=\"1577\" data-end=\"1632\">Warum eine hochwertige Standplatte entscheidend ist<\/strong><\/p>\n<p data-start=\"1634\" data-end=\"1861\">Eine Sonnenschirm Standplatte Mezzo Berlin sorgt nicht nur f\u00fcr Stabilit\u00e4t, sondern auch f\u00fcr Sicherheit im Alltag. Gerade in windanf\u00e4lligen Bereichen wie Terrassen oder offenen G\u00e4rten ist eine solide Befestigung unverzichtbar.<\/p>\n<p data-start=\"1863\" data-end=\"2073\">Durch das hohe Eigengewicht und die stabile Konstruktion wird verhindert, dass der Sonnenschirm kippt oder verrutscht. Das sch\u00fctzt nicht nur den Schirm selbst, sondern auch Personen und M\u00f6bel in der Umgebung.<\/p>\n<p data-start=\"2075\" data-end=\"2223\">Besonders in der Gastronomie oder bei <a href=\"https:\/\/www.may-online.com\/de\/\" target=\"_blank\" rel=\"noopener\">gr\u00f6\u00dferen Sonnenschirmen<\/a> ist eine professionelle L\u00f6sung entscheidend. Hier zahlt sich Qualit\u00e4t langfristig aus.<\/p>\n<p data-start=\"1933\" data-end=\"1989\"><strong data-start=\"1933\" data-end=\"1989\">F\u00fcr welche Untergr\u00fcnde ist die Standplatte geeignet?<\/strong><\/p>\n<p data-start=\"1991\" data-end=\"2198\">Die Sonnenschirm Standplatte Mezzo Berlin kann auf verschiedenen Untergr\u00fcnden eingesetzt werden. Ob auf Beton, Terrassenplatten oder festen Gartenfl\u00e4chen \u2013 die stabile Konstruktion sorgt f\u00fcr sicheren Halt.<\/p>\n<p data-start=\"2200\" data-end=\"2440\">Durch die flexible Nutzung eignet sich die Standplatte sowohl f\u00fcr private Haushalte als auch f\u00fcr gewerbliche Einsatzbereiche wie Caf\u00e9s oder Restaurants. Besonders bei stark frequentierten Fl\u00e4chen ist eine sichere Befestigung unerl\u00e4sslich.<\/p>\n<p data-start=\"2442\" data-end=\"2590\">Die Kombination aus Gewicht, Materialqualit\u00e4t und Konstruktion macht diese Standplatte zu einer zuverl\u00e4ssigen L\u00f6sung f\u00fcr anspruchsvolle Anwendungen.<\/p>\n","protected":false},"excerpt":{"rendered":"<p>Gesamth\u00f6he wird auftragsbezogen ebenerdig zum Terrassenboden festgelegt.<\/p>\n","protected":false},"featured_media":17606,"comment_status":"open","ping_status":"closed","template":"","meta":[],"product_brand":[],"product_cat":[677,687,676],"product_tag":[688],"class_list":{"0":"post-17587","1":"product","2":"type-product","3":"status-publish","4":"has-post-thumbnail","6":"product_cat-zubehoer-dacapo","7":"product_cat-zubehoer-filius","8":"product_cat-zubehoer-mezzo","9":"product_tag-stationaere-befestigungselemente","10":"product_shipping_class-zubehoer-schirme","12":"first","13":"instock","14":"taxable","15":"shipping-taxable","16":"purchasable","17":"product-type-simple"},"_links":{"self":[{"href":"https:\/\/nagai.de\/shop\/wp-json\/wp\/v2\/product\/17587","targetHints":{"allow":["GET"]}}],"collection":[{"href":"https:\/\/nagai.de\/shop\/wp-json\/wp\/v2\/product"}],"about":[{"href":"https:\/\/nagai.de\/shop\/wp-json\/wp\/v2\/types\/product"}],"replies":[{"embeddable":true,"href":"https:\/\/nagai.de\/shop\/wp-json\/wp\/v2\/comments?post=17587"}],"version-history":[{"count":9,"href":"https:\/\/nagai.de\/shop\/wp-json\/wp\/v2\/product\/17587\/revisions"}],"predecessor-version":[{"id":19463,"href":"https:\/\/nagai.de\/shop\/wp-json\/wp\/v2\/product\/17587\/revisions\/19463"}],"wp:featuredmedia":[{"embeddable":true,"href":"https:\/\/nagai.de\/shop\/wp-json\/wp\/v2\/media\/17606"}],"wp:attachment":[{"href":"https:\/\/nagai.de\/shop\/wp-json\/wp\/v2\/media?parent=17587"}],"wp:term":[{"taxonomy":"product_brand","embeddable":true,"href":"https:\/\/nagai.de\/shop\/wp-json\/wp\/v2\/product_brand?post=17587"},{"taxonomy":"product_cat","embeddable":true,"href":"https:\/\/nagai.de\/shop\/wp-json\/wp\/v2\/product_cat?post=17587"},{"taxonomy":"product_tag","embeddable":true,"href":"https:\/\/nagai.de\/shop\/wp-json\/wp\/v2\/product_tag?post=17587"}],"curies":[{"name":"wp","href":"https:\/\/api.w.org\/{rel}","templated":true}]}}