{"id":17615,"date":"2025-05-27T17:47:39","date_gmt":"2025-05-27T15:47:39","guid":{"rendered":"https:\/\/nagai.de\/shop\/produkt\/schutzhuelle-ausfuehrung-reissverschluss-fuer-schirme-mit-heizstrahlern-sa124\/"},"modified":"2025-06-03T19:42:10","modified_gmt":"2025-06-03T17:42:10","slug":"schutzhuelle-ausfuehrung-reissverschluss-fuer-schirme-mit-heizstrahlern-sa124","status":"publish","type":"product","link":"https:\/\/nagai.de\/shop\/produkt\/schutzhuelle-ausfuehrung-reissverschluss-fuer-schirme-mit-heizstrahlern-sa124\/","title":{"rendered":"Schutzh\u00fclle, Ausf\u00fchrung Rei\u00dfverschluss f\u00fcr Schirme mit Heizstrahlern (SA124)"},"content":{"rendered":"","protected":false},"excerpt":{"rendered":"<p>als Ersatz, mit Rei\u00dfverschluss und Hissleine, ohne Teleskoprohr; Schirmgr\u00f6\u00dfe oder Seriennummer an der Kasse bei Notizen angeben<\/p>\n","protected":false},"featured_media":17691,"comment_status":"open","ping_status":"closed","template":"","meta":[],"product_brand":[],"product_cat":[678],"product_tag":[690],"class_list":{"0":"post-17615","1":"product","2":"type-product","3":"status-publish","4":"has-post-thumbnail","6":"product_cat-zubehoer-schattello","7":"product_tag-zusatz-ausstattung","8":"product_shipping_class-zubehoer-schirme","10":"first","11":"instock","12":"taxable","13":"shipping-taxable","14":"purchasable","15":"product-type-simple"},"_links":{"self":[{"href":"https:\/\/nagai.de\/shop\/wp-json\/wp\/v2\/product\/17615","targetHints":{"allow":["GET"]}}],"collection":[{"href":"https:\/\/nagai.de\/shop\/wp-json\/wp\/v2\/product"}],"about":[{"href":"https:\/\/nagai.de\/shop\/wp-json\/wp\/v2\/types\/product"}],"replies":[{"embeddable":true,"href":"https:\/\/nagai.de\/shop\/wp-json\/wp\/v2\/comments?post=17615"}],"version-history":[{"count":3,"href":"https:\/\/nagai.de\/shop\/wp-json\/wp\/v2\/product\/17615\/revisions"}],"predecessor-version":[{"id":18196,"href":"https:\/\/nagai.de\/shop\/wp-json\/wp\/v2\/product\/17615\/revisions\/18196"}],"wp:featuredmedia":[{"embeddable":true,"href":"https:\/\/nagai.de\/shop\/wp-json\/wp\/v2\/media\/17691"}],"wp:attachment":[{"href":"https:\/\/nagai.de\/shop\/wp-json\/wp\/v2\/media?parent=17615"}],"wp:term":[{"taxonomy":"product_brand","embeddable":true,"href":"https:\/\/nagai.de\/shop\/wp-json\/wp\/v2\/product_brand?post=17615"},{"taxonomy":"product_cat","embeddable":true,"href":"https:\/\/nagai.de\/shop\/wp-json\/wp\/v2\/product_cat?post=17615"},{"taxonomy":"product_tag","embeddable":true,"href":"https:\/\/nagai.de\/shop\/wp-json\/wp\/v2\/product_tag?post=17615"}],"curies":[{"name":"wp","href":"https:\/\/api.w.org\/{rel}","templated":true}]}}