{"id":17631,"date":"2025-05-27T19:22:55","date_gmt":"2025-05-27T17:22:55","guid":{"rendered":"https:\/\/nagai.de\/shop\/produkt\/integrierter-stehtisch-weiss-357453\/"},"modified":"2025-06-03T19:42:12","modified_gmt":"2025-06-03T17:42:12","slug":"integrierter-stehtisch-weiss-357453","status":"publish","type":"product","link":"https:\/\/nagai.de\/shop\/produkt\/integrierter-stehtisch-weiss-357453\/","title":{"rendered":"integrierter Stehtisch wei\u00df (357453)"},"content":{"rendered":"<p>G\u00f6nnen Sie Ihren G\u00e4sten einen Stehtisch f\u00fcr Getr\u00e4nke oder den Aschenbecher. Eine gesellige L\u00f6sung f\u00fcr kleine Gruppen im Freien. Am Schirmmast integriert k\u00f6nnen Sie sich einen Tischfu\u00df sparen und somit die Bewirtungsfl\u00e4che einfach erweitern. Bei der Mastmontage auf ca. 70 cm H\u00f6he erg\u00e4nzt der Tisch mit Bestuhlung die Bewirtungsfl\u00e4che optimal. Auf engstem Raum kann somit die maximale Fl\u00e4che ausgenutzt werden.<\/p>\n<h2 id=\"die-vorteile-eines-stehtisch\">Die Vorteile eines Stehtisch<\/h2>\n<ul class=\"list\">\n<li>zus\u00e4tzlicher Stehplatz direkt unter dem Schirm<\/li>\n<li>in beliebiger H\u00f6he montierbar<\/li>\n<li>nachr\u00fcstbar<\/li>\n<li>abends einfach und ohne Werkzeug demontierbar<\/li>\n<li>langlebig durch extrem robustes, outdoortaugliches Material (HPL)<\/li>\n<\/ul>\n<h3 class=\"h4\">Die Montage<\/h3>\n<p class=\"inline-block\">Zwei nicht-rostende Aluminium-Halbschalen werden am Mast festgeschraubt und bleiben dauerhaft am Schirm. Die zwei halben Tischplatten werden einfach aufgesteckt und verschraubt. Wenn gew\u00fcnscht, k\u00f6nnen die Tischplatten t\u00e4glich an- und abgebaut werden. So k\u00f6nnen auch Schirme mit sehr langen Speichen t\u00e4glich geschlossen und die Standard-Schutzh\u00fclle \u00fcbergezogen werden. Der Stehtisch ist zum Nachr\u00fcsten an einen bestehenden Schirm geeignet.<\/p>\n<h3 class=\"h4\">Die Abma\u00dfe<\/h3>\n<p><span class=\"bg-may-yellow font-bold px-3 py-1 inline-block mb-1\">a<\/span>\u00a0Tischdicke 13 mm<br \/>\n<span class=\"bg-may-yellow font-bold px-3 py-1 inline-block mb-1\">b<\/span>\u00a0Tischdurchmesser 600 mm<br \/>\n<span class=\"bg-may-yellow font-bold px-3 py-1 inline-block\">c<\/span>\u00a0variable H\u00f6he<\/p>\n<h4 class=\"h4\">Die Farbauswahl<\/h4>\n<p>Dekor wei\u00df; passend f\u00fcr Gestellfarbe RAL 9010.<br \/>\nDekor grau; passend f\u00fcr Gestellfarbe RAL 9006 und 7016.<\/p>\n<h3 class=\"h4\">Das Material<\/h3>\n<p class=\"inline-block\">Die Tischplatte ist extrem langlebig und f\u00fcr den Au\u00dfenbereich konzipiert. Das Grundmaterial ist eine Hochdruck-Schichtpressstoffplatte (HPL), besteht durchgehend aus Melaminharz und ist somit extrem witterungsbest\u00e4ndig. Die Grundhalterung ist aus Aluminium, in EV1 eloxiert.<\/p>\n<p><span class=\"bg-may-yellow font-bold px-3 py-1 inline-block mb-1\">a<\/span>\u00a0Witterungsschutz + Dekorschicht<br \/>\n<span class=\"bg-may-yellow font-bold px-3 py-1 inline-block\">b<\/span>\u00a0Acryl-Polyurethan-Harz<\/p>\n<h4 class=\"h4\">Die Pflege<\/h4>\n<p>Die Tischplatte l\u00e4sst sich leicht reinigen. Klares warmes Wasser, Seifenlauge und ein Schwamm ist bei normalem Schmutz ausreichend.<\/p>\n","protected":false},"excerpt":{"rendered":"<p>G\u00f6nnen Sie Ihren G\u00e4sten einen Stehtisch f\u00fcr Getr\u00e4nke oder den Aschenbecher. Eine gesellige L\u00f6sung f\u00fcr kleine Gruppen im Freien. Am<\/p>\n","protected":false},"featured_media":18868,"comment_status":"open","ping_status":"closed","template":"","meta":[],"product_brand":[],"product_cat":[678],"product_tag":[690],"class_list":{"0":"post-17631","1":"product","2":"type-product","3":"status-publish","4":"has-post-thumbnail","6":"product_cat-zubehoer-schattello","7":"product_tag-zusatz-ausstattung","8":"product_shipping_class-zubehoer-schirme","10":"first","11":"instock","12":"taxable","13":"shipping-taxable","14":"purchasable","15":"product-type-simple"},"_links":{"self":[{"href":"https:\/\/nagai.de\/shop\/wp-json\/wp\/v2\/product\/17631","targetHints":{"allow":["GET"]}}],"collection":[{"href":"https:\/\/nagai.de\/shop\/wp-json\/wp\/v2\/product"}],"about":[{"href":"https:\/\/nagai.de\/shop\/wp-json\/wp\/v2\/types\/product"}],"replies":[{"embeddable":true,"href":"https:\/\/nagai.de\/shop\/wp-json\/wp\/v2\/comments?post=17631"}],"version-history":[{"count":5,"href":"https:\/\/nagai.de\/shop\/wp-json\/wp\/v2\/product\/17631\/revisions"}],"predecessor-version":[{"id":18876,"href":"https:\/\/nagai.de\/shop\/wp-json\/wp\/v2\/product\/17631\/revisions\/18876"}],"wp:featuredmedia":[{"embeddable":true,"href":"https:\/\/nagai.de\/shop\/wp-json\/wp\/v2\/media\/18868"}],"wp:attachment":[{"href":"https:\/\/nagai.de\/shop\/wp-json\/wp\/v2\/media?parent=17631"}],"wp:term":[{"taxonomy":"product_brand","embeddable":true,"href":"https:\/\/nagai.de\/shop\/wp-json\/wp\/v2\/product_brand?post=17631"},{"taxonomy":"product_cat","embeddable":true,"href":"https:\/\/nagai.de\/shop\/wp-json\/wp\/v2\/product_cat?post=17631"},{"taxonomy":"product_tag","embeddable":true,"href":"https:\/\/nagai.de\/shop\/wp-json\/wp\/v2\/product_tag?post=17631"}],"curies":[{"name":"wp","href":"https:\/\/api.w.org\/{rel}","templated":true}]}}