{"id":17637,"date":"2025-05-27T19:22:57","date_gmt":"2025-05-27T17:22:57","guid":{"rendered":"https:\/\/nagai.de\/shop\/produkt\/winterstange-fuer-sz-huelsen-oberteil-150-cm-laenge-357496\/"},"modified":"2025-06-03T19:42:13","modified_gmt":"2025-06-03T17:42:13","slug":"winterstange-fuer-sz-huelsen-oberteil-150-cm-laenge-357496","status":"publish","type":"product","link":"https:\/\/nagai.de\/shop\/produkt\/winterstange-fuer-sz-huelsen-oberteil-150-cm-laenge-357496\/","title":{"rendered":"Winterstange f\u00fcr SZ-H\u00fclsen-Oberteil 150 cm L\u00e4nge (357496)"},"content":{"rendered":"","protected":false},"excerpt":{"rendered":"<p>RAL 9006<\/p>\n","protected":false},"featured_media":0,"comment_status":"open","ping_status":"closed","template":"","meta":[],"product_brand":[],"product_cat":[678],"product_tag":[690],"class_list":{"0":"post-17637","1":"product","2":"type-product","3":"status-publish","5":"product_cat-zubehoer-schattello","6":"product_tag-zusatz-ausstattung","7":"product_shipping_class-zubehoer-schirme","9":"first","10":"instock","11":"taxable","12":"shipping-taxable","13":"purchasable","14":"product-type-simple"},"_links":{"self":[{"href":"https:\/\/nagai.de\/shop\/wp-json\/wp\/v2\/product\/17637","targetHints":{"allow":["GET"]}}],"collection":[{"href":"https:\/\/nagai.de\/shop\/wp-json\/wp\/v2\/product"}],"about":[{"href":"https:\/\/nagai.de\/shop\/wp-json\/wp\/v2\/types\/product"}],"replies":[{"embeddable":true,"href":"https:\/\/nagai.de\/shop\/wp-json\/wp\/v2\/comments?post=17637"}],"version-history":[{"count":3,"href":"https:\/\/nagai.de\/shop\/wp-json\/wp\/v2\/product\/17637\/revisions"}],"predecessor-version":[{"id":18207,"href":"https:\/\/nagai.de\/shop\/wp-json\/wp\/v2\/product\/17637\/revisions\/18207"}],"wp:attachment":[{"href":"https:\/\/nagai.de\/shop\/wp-json\/wp\/v2\/media?parent=17637"}],"wp:term":[{"taxonomy":"product_brand","embeddable":true,"href":"https:\/\/nagai.de\/shop\/wp-json\/wp\/v2\/product_brand?post=17637"},{"taxonomy":"product_cat","embeddable":true,"href":"https:\/\/nagai.de\/shop\/wp-json\/wp\/v2\/product_cat?post=17637"},{"taxonomy":"product_tag","embeddable":true,"href":"https:\/\/nagai.de\/shop\/wp-json\/wp\/v2\/product_tag?post=17637"}],"curies":[{"name":"wp","href":"https:\/\/api.w.org\/{rel}","templated":true}]}}