{"id":17645,"date":"2025-05-27T19:22:58","date_gmt":"2025-05-27T17:22:58","guid":{"rendered":"https:\/\/nagai.de\/shop\/produkt\/schirmdach-stabilisator-standardlaenge\/"},"modified":"2025-06-03T19:42:14","modified_gmt":"2025-06-03T17:42:14","slug":"schirmdach-stabilisator-standardlaenge","status":"publish","type":"product","link":"https:\/\/nagai.de\/shop\/produkt\/schirmdach-stabilisator-standardlaenge\/","title":{"rendered":"Schirmdach-Stabilisator; Standardl\u00e4nge (354104)"},"content":{"rendered":"","protected":false},"excerpt":{"rendered":"<p>eingefahrene Gesamtl\u00e4nge 165 cm, ausgefahrene Gesamtl\u00e4nge 285 cm<\/p>\n","protected":false},"featured_media":17702,"comment_status":"open","ping_status":"closed","template":"","meta":[],"product_brand":[],"product_cat":[665,678],"product_tag":[690],"class_list":{"0":"post-17645","1":"product","2":"type-product","3":"status-publish","4":"has-post-thumbnail","6":"product_cat-zubehoer-albatros","7":"product_cat-zubehoer-schattello","8":"product_tag-zusatz-ausstattung","9":"product_shipping_class-zubehoer-schirme","11":"first","12":"instock","13":"taxable","14":"shipping-taxable","15":"purchasable","16":"product-type-simple"},"_links":{"self":[{"href":"https:\/\/nagai.de\/shop\/wp-json\/wp\/v2\/product\/17645","targetHints":{"allow":["GET"]}}],"collection":[{"href":"https:\/\/nagai.de\/shop\/wp-json\/wp\/v2\/product"}],"about":[{"href":"https:\/\/nagai.de\/shop\/wp-json\/wp\/v2\/types\/product"}],"replies":[{"embeddable":true,"href":"https:\/\/nagai.de\/shop\/wp-json\/wp\/v2\/comments?post=17645"}],"version-history":[{"count":4,"href":"https:\/\/nagai.de\/shop\/wp-json\/wp\/v2\/product\/17645\/revisions"}],"predecessor-version":[{"id":18211,"href":"https:\/\/nagai.de\/shop\/wp-json\/wp\/v2\/product\/17645\/revisions\/18211"}],"wp:featuredmedia":[{"embeddable":true,"href":"https:\/\/nagai.de\/shop\/wp-json\/wp\/v2\/media\/17702"}],"wp:attachment":[{"href":"https:\/\/nagai.de\/shop\/wp-json\/wp\/v2\/media?parent=17645"}],"wp:term":[{"taxonomy":"product_brand","embeddable":true,"href":"https:\/\/nagai.de\/shop\/wp-json\/wp\/v2\/product_brand?post=17645"},{"taxonomy":"product_cat","embeddable":true,"href":"https:\/\/nagai.de\/shop\/wp-json\/wp\/v2\/product_cat?post=17645"},{"taxonomy":"product_tag","embeddable":true,"href":"https:\/\/nagai.de\/shop\/wp-json\/wp\/v2\/product_tag?post=17645"}],"curies":[{"name":"wp","href":"https:\/\/api.w.org\/{rel}","templated":true}]}}