{"id":17825,"date":"2025-05-28T16:46:29","date_gmt":"2025-05-28T14:46:29","guid":{"rendered":"https:\/\/nagai.de\/shop\/produkt\/schattello-standrahmen-ohne-platten-fuer-2-saetze-betonplatten-sz201\/"},"modified":"2025-06-03T19:42:36","modified_gmt":"2025-06-03T17:42:36","slug":"schattello-standrahmen-ohne-platten-fuer-2-saetze-betonplatten-sz201","status":"publish","type":"product","link":"https:\/\/nagai.de\/shop\/produkt\/schattello-standrahmen-ohne-platten-fuer-2-saetze-betonplatten-sz201\/","title":{"rendered":"Standrahmen ohne Platten f\u00fcr 2 S\u00e4tze Betonplatten (SZ201)"},"content":{"rendered":"","protected":false},"excerpt":{"rendered":"<p>Standrahmen passend f\u00fcr 2 S\u00e4tze Betonplatten. Ohne Platten<\/p>\n","protected":false},"featured_media":18856,"comment_status":"open","ping_status":"closed","template":"","meta":[],"product_brand":[],"product_cat":[678],"product_tag":[689],"class_list":{"0":"post-17825","1":"product","2":"type-product","3":"status-publish","4":"has-post-thumbnail","6":"product_cat-zubehoer-schattello","7":"product_tag-mobile-befestigungselemente","8":"product_shipping_class-zubehoer-schirme","10":"first","11":"instock","12":"taxable","13":"shipping-taxable","14":"purchasable","15":"product-type-simple"},"_links":{"self":[{"href":"https:\/\/nagai.de\/shop\/wp-json\/wp\/v2\/product\/17825","targetHints":{"allow":["GET"]}}],"collection":[{"href":"https:\/\/nagai.de\/shop\/wp-json\/wp\/v2\/product"}],"about":[{"href":"https:\/\/nagai.de\/shop\/wp-json\/wp\/v2\/types\/product"}],"replies":[{"embeddable":true,"href":"https:\/\/nagai.de\/shop\/wp-json\/wp\/v2\/comments?post=17825"}],"version-history":[{"count":2,"href":"https:\/\/nagai.de\/shop\/wp-json\/wp\/v2\/product\/17825\/revisions"}],"predecessor-version":[{"id":18278,"href":"https:\/\/nagai.de\/shop\/wp-json\/wp\/v2\/product\/17825\/revisions\/18278"}],"wp:featuredmedia":[{"embeddable":true,"href":"https:\/\/nagai.de\/shop\/wp-json\/wp\/v2\/media\/18856"}],"wp:attachment":[{"href":"https:\/\/nagai.de\/shop\/wp-json\/wp\/v2\/media?parent=17825"}],"wp:term":[{"taxonomy":"product_brand","embeddable":true,"href":"https:\/\/nagai.de\/shop\/wp-json\/wp\/v2\/product_brand?post=17825"},{"taxonomy":"product_cat","embeddable":true,"href":"https:\/\/nagai.de\/shop\/wp-json\/wp\/v2\/product_cat?post=17825"},{"taxonomy":"product_tag","embeddable":true,"href":"https:\/\/nagai.de\/shop\/wp-json\/wp\/v2\/product_tag?post=17825"}],"curies":[{"name":"wp","href":"https:\/\/api.w.org\/{rel}","templated":true}]}}