{"id":17833,"date":"2025-05-28T16:46:31","date_gmt":"2025-05-28T14:46:31","guid":{"rendered":"https:\/\/nagai.de\/shop\/produkt\/schattello-standrahmen-mit-fuessen-fuer-gabelstaplertransport-ohne-platten-sz206\/"},"modified":"2025-06-03T19:42:37","modified_gmt":"2025-06-03T17:42:37","slug":"schattello-standrahmen-mit-fuessen-fuer-gabelstaplertransport-ohne-platten-sz420-2","status":"publish","type":"product","link":"https:\/\/nagai.de\/shop\/produkt\/schattello-standrahmen-mit-fuessen-fuer-gabelstaplertransport-ohne-platten-sz420-2\/","title":{"rendered":"Standrahmen mit F\u00fc\u00dfen f\u00fcr Gabelstaplertransport ohne Platten (SZ420)"},"content":{"rendered":"","protected":false},"excerpt":{"rendered":"<p>f\u00fcr Transport mit Gabelstapler oder Hubwagen, f\u00fcr 6- und 8-Teiler. Passend f\u00fcr 1 Satz handels\u00fcbliche Betonplatten 50 x 50 x 5 cm.<\/p>\n","protected":false},"featured_media":18734,"comment_status":"open","ping_status":"closed","template":"","meta":[],"product_brand":[],"product_cat":[678],"product_tag":[689],"class_list":{"0":"post-17833","1":"product","2":"type-product","3":"status-publish","4":"has-post-thumbnail","6":"product_cat-zubehoer-schattello","7":"product_tag-mobile-befestigungselemente","8":"product_shipping_class-zubehoer-schirme","10":"first","11":"instock","12":"taxable","13":"shipping-taxable","14":"purchasable","15":"product-type-simple"},"_links":{"self":[{"href":"https:\/\/nagai.de\/shop\/wp-json\/wp\/v2\/product\/17833","targetHints":{"allow":["GET"]}}],"collection":[{"href":"https:\/\/nagai.de\/shop\/wp-json\/wp\/v2\/product"}],"about":[{"href":"https:\/\/nagai.de\/shop\/wp-json\/wp\/v2\/types\/product"}],"replies":[{"embeddable":true,"href":"https:\/\/nagai.de\/shop\/wp-json\/wp\/v2\/comments?post=17833"}],"version-history":[{"count":4,"href":"https:\/\/nagai.de\/shop\/wp-json\/wp\/v2\/product\/17833\/revisions"}],"predecessor-version":[{"id":18931,"href":"https:\/\/nagai.de\/shop\/wp-json\/wp\/v2\/product\/17833\/revisions\/18931"}],"wp:featuredmedia":[{"embeddable":true,"href":"https:\/\/nagai.de\/shop\/wp-json\/wp\/v2\/media\/18734"}],"wp:attachment":[{"href":"https:\/\/nagai.de\/shop\/wp-json\/wp\/v2\/media?parent=17833"}],"wp:term":[{"taxonomy":"product_brand","embeddable":true,"href":"https:\/\/nagai.de\/shop\/wp-json\/wp\/v2\/product_brand?post=17833"},{"taxonomy":"product_cat","embeddable":true,"href":"https:\/\/nagai.de\/shop\/wp-json\/wp\/v2\/product_cat?post=17833"},{"taxonomy":"product_tag","embeddable":true,"href":"https:\/\/nagai.de\/shop\/wp-json\/wp\/v2\/product_tag?post=17833"}],"curies":[{"name":"wp","href":"https:\/\/api.w.org\/{rel}","templated":true}]}}