{"id":17873,"date":"2025-05-28T16:46:38","date_gmt":"2025-05-28T14:46:38","guid":{"rendered":"https:\/\/nagai.de\/shop\/produkt\/schattello-ankerhuelse-zum-einbetonieren-in-erdbohrung-sz146\/"},"modified":"2025-06-03T19:42:43","modified_gmt":"2025-06-03T17:42:43","slug":"schattello-ankerhuelse-zum-einbetonieren-in-erdbohrung-sz146","status":"publish","type":"product","link":"https:\/\/nagai.de\/shop\/produkt\/schattello-ankerhuelse-zum-einbetonieren-in-erdbohrung-sz146\/","title":{"rendered":"Ankerh\u00fclse zum Einbetonieren in Erdbohrung (SZ146)"},"content":{"rendered":"","protected":false},"excerpt":{"rendered":"<p>f\u00fcr ein bestehendes Fundament mit einer Bohrung ab \u00d8 71 mm, zweiteilig, Oberteil abschraubbar, f\u00fcr 6- und 8-Teiler, Bohrung wird mit Vergussbeton oder Epoxidharz zur Fixierung des Unterteils ausgegossen, bestehendes Fundament muss entsprechend der Schirmgr\u00f6\u00dfe dimensioniert sein, Unterteil mit 4-Kant-Rohr, inkl. Abdeckplatte f\u00fcr Winterabdeckung.<\/p>\n","protected":false},"featured_media":18805,"comment_status":"open","ping_status":"closed","template":"","meta":[],"product_brand":[],"product_cat":[678],"product_tag":[688],"class_list":{"0":"post-17873","1":"product","2":"type-product","3":"status-publish","4":"has-post-thumbnail","6":"product_cat-zubehoer-schattello","7":"product_tag-stationaere-befestigungselemente","8":"product_shipping_class-zubehoer-schirme","10":"first","11":"instock","12":"taxable","13":"shipping-taxable","14":"purchasable","15":"product-type-simple"},"_links":{"self":[{"href":"https:\/\/nagai.de\/shop\/wp-json\/wp\/v2\/product\/17873","targetHints":{"allow":["GET"]}}],"collection":[{"href":"https:\/\/nagai.de\/shop\/wp-json\/wp\/v2\/product"}],"about":[{"href":"https:\/\/nagai.de\/shop\/wp-json\/wp\/v2\/types\/product"}],"replies":[{"embeddable":true,"href":"https:\/\/nagai.de\/shop\/wp-json\/wp\/v2\/comments?post=17873"}],"version-history":[{"count":3,"href":"https:\/\/nagai.de\/shop\/wp-json\/wp\/v2\/product\/17873\/revisions"}],"predecessor-version":[{"id":18806,"href":"https:\/\/nagai.de\/shop\/wp-json\/wp\/v2\/product\/17873\/revisions\/18806"}],"wp:featuredmedia":[{"embeddable":true,"href":"https:\/\/nagai.de\/shop\/wp-json\/wp\/v2\/media\/18805"}],"wp:attachment":[{"href":"https:\/\/nagai.de\/shop\/wp-json\/wp\/v2\/media?parent=17873"}],"wp:term":[{"taxonomy":"product_brand","embeddable":true,"href":"https:\/\/nagai.de\/shop\/wp-json\/wp\/v2\/product_brand?post=17873"},{"taxonomy":"product_cat","embeddable":true,"href":"https:\/\/nagai.de\/shop\/wp-json\/wp\/v2\/product_cat?post=17873"},{"taxonomy":"product_tag","embeddable":true,"href":"https:\/\/nagai.de\/shop\/wp-json\/wp\/v2\/product_tag?post=17873"}],"curies":[{"name":"wp","href":"https:\/\/api.w.org\/{rel}","templated":true}]}}