{"id":17881,"date":"2025-05-28T16:46:39","date_gmt":"2025-05-28T14:46:39","guid":{"rendered":"https:\/\/nagai.de\/shop\/produkt\/schattello-ankerplatte-zum-aufduebeln-mit-ankerhuelsen-oberteil-sz118-sz129\/"},"modified":"2025-06-03T19:42:44","modified_gmt":"2025-06-03T17:42:44","slug":"schattello-ankerplatte-zum-aufduebeln-mit-ankerhuelsen-oberteil-sz118-sz129","status":"publish","type":"product","link":"https:\/\/nagai.de\/shop\/produkt\/schattello-ankerplatte-zum-aufduebeln-mit-ankerhuelsen-oberteil-sz118-sz129\/","title":{"rendered":"Ankerplatte zum Aufd\u00fcbeln mit Ankerh\u00fclsen-Oberteil SZ118 (SZ129)"},"content":{"rendered":"","protected":false},"excerpt":{"rendered":"<p>Gesamth\u00f6he wird auftragsbezogen ebenerdig zum Terrassenboden festgelegt, Oberteil abschraubbar, f\u00fcr 6- und 8-Teiler, inkl. Abdeckplatte f\u00fcr Winterabdeckung.<\/p>\n","protected":false},"featured_media":18795,"comment_status":"open","ping_status":"closed","template":"","meta":[],"product_brand":[],"product_cat":[678],"product_tag":[688],"class_list":{"0":"post-17881","1":"product","2":"type-product","3":"status-publish","4":"has-post-thumbnail","6":"product_cat-zubehoer-schattello","7":"product_tag-stationaere-befestigungselemente","8":"product_shipping_class-zubehoer-schirme","10":"first","11":"instock","12":"taxable","13":"shipping-taxable","14":"purchasable","15":"product-type-simple"},"_links":{"self":[{"href":"https:\/\/nagai.de\/shop\/wp-json\/wp\/v2\/product\/17881","targetHints":{"allow":["GET"]}}],"collection":[{"href":"https:\/\/nagai.de\/shop\/wp-json\/wp\/v2\/product"}],"about":[{"href":"https:\/\/nagai.de\/shop\/wp-json\/wp\/v2\/types\/product"}],"replies":[{"embeddable":true,"href":"https:\/\/nagai.de\/shop\/wp-json\/wp\/v2\/comments?post=17881"}],"version-history":[{"count":3,"href":"https:\/\/nagai.de\/shop\/wp-json\/wp\/v2\/product\/17881\/revisions"}],"predecessor-version":[{"id":18798,"href":"https:\/\/nagai.de\/shop\/wp-json\/wp\/v2\/product\/17881\/revisions\/18798"}],"wp:featuredmedia":[{"embeddable":true,"href":"https:\/\/nagai.de\/shop\/wp-json\/wp\/v2\/media\/18795"}],"wp:attachment":[{"href":"https:\/\/nagai.de\/shop\/wp-json\/wp\/v2\/media?parent=17881"}],"wp:term":[{"taxonomy":"product_brand","embeddable":true,"href":"https:\/\/nagai.de\/shop\/wp-json\/wp\/v2\/product_brand?post=17881"},{"taxonomy":"product_cat","embeddable":true,"href":"https:\/\/nagai.de\/shop\/wp-json\/wp\/v2\/product_cat?post=17881"},{"taxonomy":"product_tag","embeddable":true,"href":"https:\/\/nagai.de\/shop\/wp-json\/wp\/v2\/product_tag?post=17881"}],"curies":[{"name":"wp","href":"https:\/\/api.w.org\/{rel}","templated":true}]}}