{"id":17883,"date":"2025-05-28T16:46:40","date_gmt":"2025-05-28T14:46:40","guid":{"rendered":"https:\/\/nagai.de\/shop\/produkt\/schattello-ankerplatte-zum-aufduebeln-mit-klappscharnier-und-ankerhuelsen-oberteil-sz150-sz127\/"},"modified":"2025-06-03T19:42:44","modified_gmt":"2025-06-03T17:42:44","slug":"schattello-ankerplatte-zum-aufduebeln-mit-klappscharnier-und-ankerhuelsen-oberteil-sz150-sz127","status":"publish","type":"product","link":"https:\/\/nagai.de\/shop\/produkt\/schattello-ankerplatte-zum-aufduebeln-mit-klappscharnier-und-ankerhuelsen-oberteil-sz150-sz127\/","title":{"rendered":"Ankerplatte zum Aufd\u00fcbeln mit Klappscharnier und Ankerh\u00fclsen-Oberteil SZ150 (SZ127)"},"content":{"rendered":"","protected":false},"excerpt":{"rendered":"<p>Gesamth\u00f6he wird auftragsbezogen ebenerdig zum Terrassenboden festgelegt, Oberteil abschraubbar, inkl. Abdeckplatte f\u00fcr Winterabdeckung<\/p>\n","protected":false},"featured_media":18784,"comment_status":"open","ping_status":"closed","template":"","meta":[],"product_brand":[],"product_cat":[678],"product_tag":[688],"class_list":{"0":"post-17883","1":"product","2":"type-product","3":"status-publish","4":"has-post-thumbnail","6":"product_cat-zubehoer-schattello","7":"product_tag-stationaere-befestigungselemente","8":"product_shipping_class-zubehoer-schirme","10":"first","11":"instock","12":"taxable","13":"shipping-taxable","14":"purchasable","15":"product-type-simple"},"_links":{"self":[{"href":"https:\/\/nagai.de\/shop\/wp-json\/wp\/v2\/product\/17883","targetHints":{"allow":["GET"]}}],"collection":[{"href":"https:\/\/nagai.de\/shop\/wp-json\/wp\/v2\/product"}],"about":[{"href":"https:\/\/nagai.de\/shop\/wp-json\/wp\/v2\/types\/product"}],"replies":[{"embeddable":true,"href":"https:\/\/nagai.de\/shop\/wp-json\/wp\/v2\/comments?post=17883"}],"version-history":[{"count":3,"href":"https:\/\/nagai.de\/shop\/wp-json\/wp\/v2\/product\/17883\/revisions"}],"predecessor-version":[{"id":18788,"href":"https:\/\/nagai.de\/shop\/wp-json\/wp\/v2\/product\/17883\/revisions\/18788"}],"wp:featuredmedia":[{"embeddable":true,"href":"https:\/\/nagai.de\/shop\/wp-json\/wp\/v2\/media\/18784"}],"wp:attachment":[{"href":"https:\/\/nagai.de\/shop\/wp-json\/wp\/v2\/media?parent=17883"}],"wp:term":[{"taxonomy":"product_brand","embeddable":true,"href":"https:\/\/nagai.de\/shop\/wp-json\/wp\/v2\/product_brand?post=17883"},{"taxonomy":"product_cat","embeddable":true,"href":"https:\/\/nagai.de\/shop\/wp-json\/wp\/v2\/product_cat?post=17883"},{"taxonomy":"product_tag","embeddable":true,"href":"https:\/\/nagai.de\/shop\/wp-json\/wp\/v2\/product_tag?post=17883"}],"curies":[{"name":"wp","href":"https:\/\/api.w.org\/{rel}","templated":true}]}}