{"id":17901,"date":"2025-05-28T16:46:43","date_gmt":"2025-05-28T14:46:43","guid":{"rendered":"https:\/\/nagai.de\/shop\/produkt\/schattello-bodenschraubankerbefestigung-mit-klappscharnier-sz350\/"},"modified":"2025-06-03T19:42:47","modified_gmt":"2025-06-03T17:42:47","slug":"schattello-bodenschraubankerbefestigung-mit-klappscharnier-sz350","status":"publish","type":"product","link":"https:\/\/nagai.de\/shop\/produkt\/schattello-bodenschraubankerbefestigung-mit-klappscharnier-sz350\/","title":{"rendered":"Bodenschraubankerbefestigung mit Klappscharnier (SZ350)"},"content":{"rendered":"","protected":false},"excerpt":{"rendered":"<p>inkl. Bodenschraubanker KSF FPM 140&#215;2100-M. Passend f\u00fcr alle Gr\u00f6\u00dfen bis 28 m\u00b2; Bodenschraubanker mit H\u00fclsen-Oberteil, inkl. Normteile zum Verschrauben. Anlieferung unverschraubt. Stahl, inkl. Abdeckplatte f\u00fcr Winterabdeckung.<\/p>\n","protected":false},"featured_media":18752,"comment_status":"open","ping_status":"closed","template":"","meta":[],"product_brand":[],"product_cat":[678],"product_tag":[688],"class_list":{"0":"post-17901","1":"product","2":"type-product","3":"status-publish","4":"has-post-thumbnail","6":"product_cat-zubehoer-schattello","7":"product_tag-stationaere-befestigungselemente","8":"product_shipping_class-zubehoer-schirme","10":"first","11":"instock","12":"taxable","13":"shipping-taxable","14":"purchasable","15":"product-type-simple"},"_links":{"self":[{"href":"https:\/\/nagai.de\/shop\/wp-json\/wp\/v2\/product\/17901","targetHints":{"allow":["GET"]}}],"collection":[{"href":"https:\/\/nagai.de\/shop\/wp-json\/wp\/v2\/product"}],"about":[{"href":"https:\/\/nagai.de\/shop\/wp-json\/wp\/v2\/types\/product"}],"replies":[{"embeddable":true,"href":"https:\/\/nagai.de\/shop\/wp-json\/wp\/v2\/comments?post=17901"}],"version-history":[{"count":3,"href":"https:\/\/nagai.de\/shop\/wp-json\/wp\/v2\/product\/17901\/revisions"}],"predecessor-version":[{"id":18757,"href":"https:\/\/nagai.de\/shop\/wp-json\/wp\/v2\/product\/17901\/revisions\/18757"}],"wp:featuredmedia":[{"embeddable":true,"href":"https:\/\/nagai.de\/shop\/wp-json\/wp\/v2\/media\/18752"}],"wp:attachment":[{"href":"https:\/\/nagai.de\/shop\/wp-json\/wp\/v2\/media?parent=17901"}],"wp:term":[{"taxonomy":"product_brand","embeddable":true,"href":"https:\/\/nagai.de\/shop\/wp-json\/wp\/v2\/product_brand?post=17901"},{"taxonomy":"product_cat","embeddable":true,"href":"https:\/\/nagai.de\/shop\/wp-json\/wp\/v2\/product_cat?post=17901"},{"taxonomy":"product_tag","embeddable":true,"href":"https:\/\/nagai.de\/shop\/wp-json\/wp\/v2\/product_tag?post=17901"}],"curies":[{"name":"wp","href":"https:\/\/api.w.org\/{rel}","templated":true}]}}