{"id":17905,"date":"2025-05-28T16:46:44","date_gmt":"2025-05-28T14:46:44","guid":{"rendered":"https:\/\/nagai.de\/shop\/produkt\/schattello-standplatte-mit-ankerhuelsen-oberteil-sz118-ca-274kg-sz242\/"},"modified":"2025-06-03T19:42:48","modified_gmt":"2025-06-03T17:42:48","slug":"schattello-standplatte-mit-ankerhuelsen-oberteil-sz118-ca-274kg-sz242","status":"publish","type":"product","link":"https:\/\/nagai.de\/shop\/produkt\/schattello-standplatte-mit-ankerhuelsen-oberteil-sz118-ca-274kg-sz242\/","title":{"rendered":"Standplatte mit Ankerh\u00fclsen-Oberteil SZ118 ca. 274kg (SZ242)"},"content":{"rendered":"","protected":false},"excerpt":{"rendered":"<p>Gesamth\u00f6he wird auftragsbezogen ebenerdig zum Terrassenboden festgelegt, f\u00fcr Schirme bis 21 m\u00b2, x = 15 mm, ca. 274 kg<\/p>\n","protected":false},"featured_media":18748,"comment_status":"open","ping_status":"closed","template":"","meta":[],"product_brand":[],"product_cat":[678],"product_tag":[688],"class_list":{"0":"post-17905","1":"product","2":"type-product","3":"status-publish","4":"has-post-thumbnail","6":"product_cat-zubehoer-schattello","7":"product_tag-stationaere-befestigungselemente","8":"product_shipping_class-zubehoer-schirme","10":"first","11":"instock","12":"taxable","13":"shipping-taxable","14":"purchasable","15":"product-type-simple"},"_links":{"self":[{"href":"https:\/\/nagai.de\/shop\/wp-json\/wp\/v2\/product\/17905","targetHints":{"allow":["GET"]}}],"collection":[{"href":"https:\/\/nagai.de\/shop\/wp-json\/wp\/v2\/product"}],"about":[{"href":"https:\/\/nagai.de\/shop\/wp-json\/wp\/v2\/types\/product"}],"replies":[{"embeddable":true,"href":"https:\/\/nagai.de\/shop\/wp-json\/wp\/v2\/comments?post=17905"}],"version-history":[{"count":2,"href":"https:\/\/nagai.de\/shop\/wp-json\/wp\/v2\/product\/17905\/revisions"}],"predecessor-version":[{"id":18318,"href":"https:\/\/nagai.de\/shop\/wp-json\/wp\/v2\/product\/17905\/revisions\/18318"}],"wp:featuredmedia":[{"embeddable":true,"href":"https:\/\/nagai.de\/shop\/wp-json\/wp\/v2\/media\/18748"}],"wp:attachment":[{"href":"https:\/\/nagai.de\/shop\/wp-json\/wp\/v2\/media?parent=17905"}],"wp:term":[{"taxonomy":"product_brand","embeddable":true,"href":"https:\/\/nagai.de\/shop\/wp-json\/wp\/v2\/product_brand?post=17905"},{"taxonomy":"product_cat","embeddable":true,"href":"https:\/\/nagai.de\/shop\/wp-json\/wp\/v2\/product_cat?post=17905"},{"taxonomy":"product_tag","embeddable":true,"href":"https:\/\/nagai.de\/shop\/wp-json\/wp\/v2\/product_tag?post=17905"}],"curies":[{"name":"wp","href":"https:\/\/api.w.org\/{rel}","templated":true}]}}