{"id":17907,"date":"2025-05-28T16:46:44","date_gmt":"2025-05-28T14:46:44","guid":{"rendered":"https:\/\/nagai.de\/shop\/produkt\/schattello-standplatte-mit-klappscharnier-und-ankerhuelsen-oberteil-sz150-ca-225kg-sz241\/"},"modified":"2025-06-03T19:42:48","modified_gmt":"2025-06-03T17:42:48","slug":"schattello-standplatte-mit-klappscharnier-und-ankerhuelsen-oberteil-sz150-ca-225kg-sz241","status":"publish","type":"product","link":"https:\/\/nagai.de\/shop\/produkt\/schattello-standplatte-mit-klappscharnier-und-ankerhuelsen-oberteil-sz150-ca-225kg-sz241\/","title":{"rendered":"Standplatte mit Klappscharnier und Ankerh\u00fclsen-Oberteil SZ150 ca. 225kg (SZ241)"},"content":{"rendered":"<p>Gesamth\u00f6he wird auftragsbezogen ebenerdig zum Terrassenboden festgelegt, f\u00fcr Schirme bis 21 m\u00b2, wird vor Ort zusammengeschraubt, schwerstes Bauteil ca. 50 kg, Oberteil abschraubbar, f\u00fcr 6- und 8-Teiler, inkl. Abdeckplatte f\u00fcr Winterabdeckung.<\/p>\n","protected":false},"excerpt":{"rendered":"<p>Gesamth\u00f6he wird auftragsbezogen ebenerdig zum Terrassenboden festgelegt, f\u00fcr Schirme bis 21 m\u00b2, x = 12 mm, ca. 225 kg<\/p>\n","protected":false},"featured_media":18743,"comment_status":"open","ping_status":"closed","template":"","meta":[],"product_brand":[],"product_cat":[678],"product_tag":[688],"class_list":{"0":"post-17907","1":"product","2":"type-product","3":"status-publish","4":"has-post-thumbnail","6":"product_cat-zubehoer-schattello","7":"product_tag-stationaere-befestigungselemente","8":"product_shipping_class-zubehoer-schirme","10":"first","11":"instock","12":"taxable","13":"shipping-taxable","14":"purchasable","15":"product-type-simple"},"_links":{"self":[{"href":"https:\/\/nagai.de\/shop\/wp-json\/wp\/v2\/product\/17907","targetHints":{"allow":["GET"]}}],"collection":[{"href":"https:\/\/nagai.de\/shop\/wp-json\/wp\/v2\/product"}],"about":[{"href":"https:\/\/nagai.de\/shop\/wp-json\/wp\/v2\/types\/product"}],"replies":[{"embeddable":true,"href":"https:\/\/nagai.de\/shop\/wp-json\/wp\/v2\/comments?post=17907"}],"version-history":[{"count":3,"href":"https:\/\/nagai.de\/shop\/wp-json\/wp\/v2\/product\/17907\/revisions"}],"predecessor-version":[{"id":18747,"href":"https:\/\/nagai.de\/shop\/wp-json\/wp\/v2\/product\/17907\/revisions\/18747"}],"wp:featuredmedia":[{"embeddable":true,"href":"https:\/\/nagai.de\/shop\/wp-json\/wp\/v2\/media\/18743"}],"wp:attachment":[{"href":"https:\/\/nagai.de\/shop\/wp-json\/wp\/v2\/media?parent=17907"}],"wp:term":[{"taxonomy":"product_brand","embeddable":true,"href":"https:\/\/nagai.de\/shop\/wp-json\/wp\/v2\/product_brand?post=17907"},{"taxonomy":"product_cat","embeddable":true,"href":"https:\/\/nagai.de\/shop\/wp-json\/wp\/v2\/product_cat?post=17907"},{"taxonomy":"product_tag","embeddable":true,"href":"https:\/\/nagai.de\/shop\/wp-json\/wp\/v2\/product_tag?post=17907"}],"curies":[{"name":"wp","href":"https:\/\/api.w.org\/{rel}","templated":true}]}}