{"id":17909,"date":"2025-05-28T16:46:45","date_gmt":"2025-05-28T14:46:45","guid":{"rendered":"https:\/\/nagai.de\/shop\/produkt\/schattello-standplatte-mit-klappscharnier-und-ankerhuelsen-oberteil-sz150-ca-275kg-sz243\/"},"modified":"2025-06-03T19:42:48","modified_gmt":"2025-06-03T17:42:48","slug":"schattello-standplatte-mit-klappscharnier-und-ankerhuelsen-oberteil-sz150-ca-275kg-sz243","status":"publish","type":"product","link":"https:\/\/nagai.de\/shop\/produkt\/schattello-standplatte-mit-klappscharnier-und-ankerhuelsen-oberteil-sz150-ca-275kg-sz243\/","title":{"rendered":"Standplatte mit Klappscharnier und Ankerh\u00fclsen-Oberteil SZ150 ca. 275kg (SZ243)"},"content":{"rendered":"","protected":false},"excerpt":{"rendered":"<p>Gesamth\u00f6he wird auftragsbezogen ebenerdig zum Terrassenboden festgelegt, f\u00fcr Schirme bis 21 m\u00b2, x = 15 mm, ca. 275 kg<\/p>\n","protected":false},"featured_media":18740,"comment_status":"open","ping_status":"closed","template":"","meta":[],"product_brand":[],"product_cat":[678],"product_tag":[688],"class_list":{"0":"post-17909","1":"product","2":"type-product","3":"status-publish","4":"has-post-thumbnail","6":"product_cat-zubehoer-schattello","7":"product_tag-stationaere-befestigungselemente","8":"product_shipping_class-zubehoer-schirme","10":"first","11":"instock","12":"taxable","13":"shipping-taxable","14":"purchasable","15":"product-type-simple"},"_links":{"self":[{"href":"https:\/\/nagai.de\/shop\/wp-json\/wp\/v2\/product\/17909","targetHints":{"allow":["GET"]}}],"collection":[{"href":"https:\/\/nagai.de\/shop\/wp-json\/wp\/v2\/product"}],"about":[{"href":"https:\/\/nagai.de\/shop\/wp-json\/wp\/v2\/types\/product"}],"replies":[{"embeddable":true,"href":"https:\/\/nagai.de\/shop\/wp-json\/wp\/v2\/comments?post=17909"}],"version-history":[{"count":3,"href":"https:\/\/nagai.de\/shop\/wp-json\/wp\/v2\/product\/17909\/revisions"}],"predecessor-version":[{"id":18745,"href":"https:\/\/nagai.de\/shop\/wp-json\/wp\/v2\/product\/17909\/revisions\/18745"}],"wp:featuredmedia":[{"embeddable":true,"href":"https:\/\/nagai.de\/shop\/wp-json\/wp\/v2\/media\/18740"}],"wp:attachment":[{"href":"https:\/\/nagai.de\/shop\/wp-json\/wp\/v2\/media?parent=17909"}],"wp:term":[{"taxonomy":"product_brand","embeddable":true,"href":"https:\/\/nagai.de\/shop\/wp-json\/wp\/v2\/product_brand?post=17909"},{"taxonomy":"product_cat","embeddable":true,"href":"https:\/\/nagai.de\/shop\/wp-json\/wp\/v2\/product_cat?post=17909"},{"taxonomy":"product_tag","embeddable":true,"href":"https:\/\/nagai.de\/shop\/wp-json\/wp\/v2\/product_tag?post=17909"}],"curies":[{"name":"wp","href":"https:\/\/api.w.org\/{rel}","templated":true}]}}