{"id":18343,"date":"2025-05-29T22:12:14","date_gmt":"2025-05-29T20:12:14","guid":{"rendered":"https:\/\/nagai.de\/shop\/produkt\/standrahmen-mit-klappscharnier-und-ankerhuelsen-oberteil-dmz150-dmz210\/"},"modified":"2025-06-03T19:43:03","modified_gmt":"2025-06-03T17:43:03","slug":"standrahmen-mit-klappscharnier-und-ankerhuelsen-oberteil-dmz150-dmz210","status":"publish","type":"product","link":"https:\/\/nagai.de\/shop\/produkt\/standrahmen-mit-klappscharnier-und-ankerhuelsen-oberteil-dmz150-dmz210\/","title":{"rendered":"Standrahmen mit Klappscharnier und Ankerh\u00fclsen-Oberteil DMZ150 (DMZ210)"},"content":{"rendered":"","protected":false},"excerpt":{"rendered":"<p>Gesamth\u00f6he wird auftragsbezogen ebenerdig zum Terrassenboden festgelegt, Oberteil abschraubbar, inkl. Abdeckplatte f\u00fcr Winterabdeckung. Passend f\u00fcr 1 Satz handels\u00fcbliche Betonplatten 40 x 40 x 5 cm.<\/p>\n","protected":false},"featured_media":18727,"comment_status":"open","ping_status":"closed","template":"","meta":[],"product_brand":[],"product_cat":[687],"product_tag":[689],"class_list":{"0":"post-18343","1":"product","2":"type-product","3":"status-publish","4":"has-post-thumbnail","6":"product_cat-zubehoer-filius","7":"product_tag-mobile-befestigungselemente","8":"product_shipping_class-zubehoer-schirme","10":"first","11":"instock","12":"taxable","13":"shipping-taxable","14":"purchasable","15":"product-type-simple"},"_links":{"self":[{"href":"https:\/\/nagai.de\/shop\/wp-json\/wp\/v2\/product\/18343","targetHints":{"allow":["GET"]}}],"collection":[{"href":"https:\/\/nagai.de\/shop\/wp-json\/wp\/v2\/product"}],"about":[{"href":"https:\/\/nagai.de\/shop\/wp-json\/wp\/v2\/types\/product"}],"replies":[{"embeddable":true,"href":"https:\/\/nagai.de\/shop\/wp-json\/wp\/v2\/comments?post=18343"}],"version-history":[{"count":2,"href":"https:\/\/nagai.de\/shop\/wp-json\/wp\/v2\/product\/18343\/revisions"}],"predecessor-version":[{"id":18732,"href":"https:\/\/nagai.de\/shop\/wp-json\/wp\/v2\/product\/18343\/revisions\/18732"}],"wp:featuredmedia":[{"embeddable":true,"href":"https:\/\/nagai.de\/shop\/wp-json\/wp\/v2\/media\/18727"}],"wp:attachment":[{"href":"https:\/\/nagai.de\/shop\/wp-json\/wp\/v2\/media?parent=18343"}],"wp:term":[{"taxonomy":"product_brand","embeddable":true,"href":"https:\/\/nagai.de\/shop\/wp-json\/wp\/v2\/product_brand?post=18343"},{"taxonomy":"product_cat","embeddable":true,"href":"https:\/\/nagai.de\/shop\/wp-json\/wp\/v2\/product_cat?post=18343"},{"taxonomy":"product_tag","embeddable":true,"href":"https:\/\/nagai.de\/shop\/wp-json\/wp\/v2\/product_tag?post=18343"}],"curies":[{"name":"wp","href":"https:\/\/api.w.org\/{rel}","templated":true}]}}