{"id":18374,"date":"2025-05-30T12:50:18","date_gmt":"2025-05-30T10:50:18","guid":{"rendered":"https:\/\/nagai.de\/shop\/produkt\/schutzhuelle-ausfuehrung-reissverschluss-als-ersatz-aa122\/"},"modified":"2025-06-03T19:43:05","modified_gmt":"2025-06-03T17:43:05","slug":"schutzhuelle-ausfuehrung-reissverschluss-als-ersatz-aa122","status":"publish","type":"product","link":"https:\/\/nagai.de\/shop\/produkt\/schutzhuelle-ausfuehrung-reissverschluss-als-ersatz-aa122\/","title":{"rendered":"Schutzh\u00fclle, Ausf\u00fchrung Rei\u00dfverschluss als Ersatz (AA122)"},"content":{"rendered":"","protected":false},"excerpt":{"rendered":"<p>mit Rei\u00dfverschluss und Hissleine, ohne Teleskoprohr; Schirmgr\u00f6\u00dfe oder Seriennummer an der Kasse bei Notizen angeben<\/p>\n","protected":false},"featured_media":18700,"comment_status":"open","ping_status":"closed","template":"","meta":[],"product_brand":[],"product_cat":[665],"product_tag":[690],"class_list":{"0":"post-18374","1":"product","2":"type-product","3":"status-publish","4":"has-post-thumbnail","6":"product_cat-zubehoer-albatros","7":"product_tag-zusatz-ausstattung","8":"product_shipping_class-zubehoer-schirme","10":"first","11":"instock","12":"taxable","13":"shipping-taxable","14":"purchasable","15":"product-type-simple"},"_links":{"self":[{"href":"https:\/\/nagai.de\/shop\/wp-json\/wp\/v2\/product\/18374","targetHints":{"allow":["GET"]}}],"collection":[{"href":"https:\/\/nagai.de\/shop\/wp-json\/wp\/v2\/product"}],"about":[{"href":"https:\/\/nagai.de\/shop\/wp-json\/wp\/v2\/types\/product"}],"replies":[{"embeddable":true,"href":"https:\/\/nagai.de\/shop\/wp-json\/wp\/v2\/comments?post=18374"}],"version-history":[{"count":1,"href":"https:\/\/nagai.de\/shop\/wp-json\/wp\/v2\/product\/18374\/revisions"}],"predecessor-version":[{"id":18375,"href":"https:\/\/nagai.de\/shop\/wp-json\/wp\/v2\/product\/18374\/revisions\/18375"}],"wp:featuredmedia":[{"embeddable":true,"href":"https:\/\/nagai.de\/shop\/wp-json\/wp\/v2\/media\/18700"}],"wp:attachment":[{"href":"https:\/\/nagai.de\/shop\/wp-json\/wp\/v2\/media?parent=18374"}],"wp:term":[{"taxonomy":"product_brand","embeddable":true,"href":"https:\/\/nagai.de\/shop\/wp-json\/wp\/v2\/product_brand?post=18374"},{"taxonomy":"product_cat","embeddable":true,"href":"https:\/\/nagai.de\/shop\/wp-json\/wp\/v2\/product_cat?post=18374"},{"taxonomy":"product_tag","embeddable":true,"href":"https:\/\/nagai.de\/shop\/wp-json\/wp\/v2\/product_tag?post=18374"}],"curies":[{"name":"wp","href":"https:\/\/api.w.org\/{rel}","templated":true}]}}