{"id":18394,"date":"2025-05-30T12:50:22","date_gmt":"2025-05-30T10:50:22","guid":{"rendered":"https:\/\/nagai.de\/shop\/produkt\/winterstange-fuer-az-huelsen-oberteil-357497\/"},"modified":"2025-06-03T19:43:08","modified_gmt":"2025-06-03T17:43:08","slug":"winterstange-fuer-az-huelsen-oberteil-357497","status":"publish","type":"product","link":"https:\/\/nagai.de\/shop\/produkt\/winterstange-fuer-az-huelsen-oberteil-357497\/","title":{"rendered":"Winterstange f\u00fcr AZ-H\u00fclsen-Oberteil (357497)"},"content":{"rendered":"","protected":false},"excerpt":{"rendered":"<p>150 cm L\u00e4nge, RAL9010<\/p>\n","protected":false},"featured_media":0,"comment_status":"open","ping_status":"closed","template":"","meta":[],"product_brand":[],"product_cat":[665],"product_tag":[690],"class_list":{"0":"post-18394","1":"product","2":"type-product","3":"status-publish","5":"product_cat-zubehoer-albatros","6":"product_tag-zusatz-ausstattung","7":"product_shipping_class-zubehoer-schirme","9":"first","10":"instock","11":"taxable","12":"shipping-taxable","13":"purchasable","14":"product-type-simple"},"_links":{"self":[{"href":"https:\/\/nagai.de\/shop\/wp-json\/wp\/v2\/product\/18394","targetHints":{"allow":["GET"]}}],"collection":[{"href":"https:\/\/nagai.de\/shop\/wp-json\/wp\/v2\/product"}],"about":[{"href":"https:\/\/nagai.de\/shop\/wp-json\/wp\/v2\/types\/product"}],"replies":[{"embeddable":true,"href":"https:\/\/nagai.de\/shop\/wp-json\/wp\/v2\/comments?post=18394"}],"version-history":[{"count":1,"href":"https:\/\/nagai.de\/shop\/wp-json\/wp\/v2\/product\/18394\/revisions"}],"predecessor-version":[{"id":18395,"href":"https:\/\/nagai.de\/shop\/wp-json\/wp\/v2\/product\/18394\/revisions\/18395"}],"wp:attachment":[{"href":"https:\/\/nagai.de\/shop\/wp-json\/wp\/v2\/media?parent=18394"}],"wp:term":[{"taxonomy":"product_brand","embeddable":true,"href":"https:\/\/nagai.de\/shop\/wp-json\/wp\/v2\/product_brand?post=18394"},{"taxonomy":"product_cat","embeddable":true,"href":"https:\/\/nagai.de\/shop\/wp-json\/wp\/v2\/product_cat?post=18394"},{"taxonomy":"product_tag","embeddable":true,"href":"https:\/\/nagai.de\/shop\/wp-json\/wp\/v2\/product_tag?post=18394"}],"curies":[{"name":"wp","href":"https:\/\/api.w.org\/{rel}","templated":true}]}}