{"id":18400,"date":"2025-05-30T12:50:23","date_gmt":"2025-05-30T10:50:23","guid":{"rendered":"https:\/\/nagai.de\/shop\/produkt\/schirmdach-stabilisator-baugruppe-fuer-schirmmastueberlaenge-357806\/"},"modified":"2025-06-03T19:43:09","modified_gmt":"2025-06-03T17:43:09","slug":"schirmdach-stabilisator-baugruppe-fuer-schirmmastueberlaenge-357806","status":"publish","type":"product","link":"https:\/\/nagai.de\/shop\/produkt\/schirmdach-stabilisator-baugruppe-fuer-schirmmastueberlaenge-357806\/","title":{"rendered":"Schirmdach-Stabilisator; Baugruppe f\u00fcr Schirmmast\u00fcberl\u00e4nge (357806)"},"content":{"rendered":"","protected":false},"excerpt":{"rendered":"<p>Lieferumfang: obere Fixierung, Schirmdach-Stabilisator, Kleinteile, Karton: 12 x 15 x 226 cm, Gewicht ca. 6 kg<\/p>\n","protected":false},"featured_media":18684,"comment_status":"open","ping_status":"closed","template":"","meta":[],"product_brand":[],"product_cat":[665],"product_tag":[690],"class_list":{"0":"post-18400","1":"product","2":"type-product","3":"status-publish","4":"has-post-thumbnail","6":"product_cat-zubehoer-albatros","7":"product_tag-zusatz-ausstattung","8":"product_shipping_class-zubehoer-schirme","10":"first","11":"instock","12":"taxable","13":"shipping-taxable","14":"purchasable","15":"product-type-simple"},"_links":{"self":[{"href":"https:\/\/nagai.de\/shop\/wp-json\/wp\/v2\/product\/18400","targetHints":{"allow":["GET"]}}],"collection":[{"href":"https:\/\/nagai.de\/shop\/wp-json\/wp\/v2\/product"}],"about":[{"href":"https:\/\/nagai.de\/shop\/wp-json\/wp\/v2\/types\/product"}],"replies":[{"embeddable":true,"href":"https:\/\/nagai.de\/shop\/wp-json\/wp\/v2\/comments?post=18400"}],"version-history":[{"count":1,"href":"https:\/\/nagai.de\/shop\/wp-json\/wp\/v2\/product\/18400\/revisions"}],"predecessor-version":[{"id":18401,"href":"https:\/\/nagai.de\/shop\/wp-json\/wp\/v2\/product\/18400\/revisions\/18401"}],"wp:featuredmedia":[{"embeddable":true,"href":"https:\/\/nagai.de\/shop\/wp-json\/wp\/v2\/media\/18684"}],"wp:attachment":[{"href":"https:\/\/nagai.de\/shop\/wp-json\/wp\/v2\/media?parent=18400"}],"wp:term":[{"taxonomy":"product_brand","embeddable":true,"href":"https:\/\/nagai.de\/shop\/wp-json\/wp\/v2\/product_brand?post=18400"},{"taxonomy":"product_cat","embeddable":true,"href":"https:\/\/nagai.de\/shop\/wp-json\/wp\/v2\/product_cat?post=18400"},{"taxonomy":"product_tag","embeddable":true,"href":"https:\/\/nagai.de\/shop\/wp-json\/wp\/v2\/product_tag?post=18400"}],"curies":[{"name":"wp","href":"https:\/\/api.w.org\/{rel}","templated":true}]}}