{"id":18502,"date":"2025-05-30T12:50:42","date_gmt":"2025-05-30T10:50:42","guid":{"rendered":"https:\/\/nagai.de\/shop\/produkt\/standrahmen-mit-fuessen-fuer-gabelstaplertransport-ohne-platten-az116\/"},"modified":"2025-06-03T19:43:28","modified_gmt":"2025-06-03T17:43:28","slug":"standrahmen-mit-fuessen-fuer-gabelstaplertransport-ohne-platten-az116","status":"publish","type":"product","link":"https:\/\/nagai.de\/shop\/produkt\/standrahmen-mit-fuessen-fuer-gabelstaplertransport-ohne-platten-az116\/","title":{"rendered":"Standrahmen mit F\u00fc\u00dfen, f\u00fcr Gabelstaplertransport, ohne Platten (AZ116)"},"content":{"rendered":"","protected":false},"excerpt":{"rendered":"<p>f\u00fcr Transport mit Gabelstapler oder Hubwagen, 8 Stellschrauben erm\u00f6glichen zudem einen Schr\u00e4gausgleich von je 4 cm, serienm\u00e4\u00dfig abschlie\u00dfbar mit Diebstahlsicherung (nicht bei Schirmen mit Rohrmotor). Passend f\u00fcr XZ49 oder handels\u00fcbliche Betonplatten 50 x 50 x 5 cm (an einer Ecke anschneiden).<\/p>\n","protected":false},"featured_media":18659,"comment_status":"open","ping_status":"closed","template":"","meta":[],"product_brand":[],"product_cat":[665],"product_tag":[689],"class_list":{"0":"post-18502","1":"product","2":"type-product","3":"status-publish","4":"has-post-thumbnail","6":"product_cat-zubehoer-albatros","7":"product_tag-mobile-befestigungselemente","8":"product_shipping_class-zubehoer-schirme","10":"first","11":"instock","12":"taxable","13":"shipping-taxable","14":"purchasable","15":"product-type-simple"},"_links":{"self":[{"href":"https:\/\/nagai.de\/shop\/wp-json\/wp\/v2\/product\/18502","targetHints":{"allow":["GET"]}}],"collection":[{"href":"https:\/\/nagai.de\/shop\/wp-json\/wp\/v2\/product"}],"about":[{"href":"https:\/\/nagai.de\/shop\/wp-json\/wp\/v2\/types\/product"}],"replies":[{"embeddable":true,"href":"https:\/\/nagai.de\/shop\/wp-json\/wp\/v2\/comments?post=18502"}],"version-history":[{"count":2,"href":"https:\/\/nagai.de\/shop\/wp-json\/wp\/v2\/product\/18502\/revisions"}],"predecessor-version":[{"id":18661,"href":"https:\/\/nagai.de\/shop\/wp-json\/wp\/v2\/product\/18502\/revisions\/18661"}],"wp:featuredmedia":[{"embeddable":true,"href":"https:\/\/nagai.de\/shop\/wp-json\/wp\/v2\/media\/18659"}],"wp:attachment":[{"href":"https:\/\/nagai.de\/shop\/wp-json\/wp\/v2\/media?parent=18502"}],"wp:term":[{"taxonomy":"product_brand","embeddable":true,"href":"https:\/\/nagai.de\/shop\/wp-json\/wp\/v2\/product_brand?post=18502"},{"taxonomy":"product_cat","embeddable":true,"href":"https:\/\/nagai.de\/shop\/wp-json\/wp\/v2\/product_cat?post=18502"},{"taxonomy":"product_tag","embeddable":true,"href":"https:\/\/nagai.de\/shop\/wp-json\/wp\/v2\/product_tag?post=18502"}],"curies":[{"name":"wp","href":"https:\/\/api.w.org\/{rel}","templated":true}]}}