{"id":18508,"date":"2025-05-30T12:50:43","date_gmt":"2025-05-30T10:50:43","guid":{"rendered":"https:\/\/nagai.de\/shop\/produkt\/betonstaender-995-kg-fuer-schirme-ohne-elektrik-az361\/"},"modified":"2025-06-03T19:43:29","modified_gmt":"2025-06-03T17:43:29","slug":"betonstaender-995-kg-fuer-schirme-ohne-elektrik-az361","status":"publish","type":"product","link":"https:\/\/nagai.de\/shop\/produkt\/betonstaender-995-kg-fuer-schirme-ohne-elektrik-az361\/","title":{"rendered":"Betonst\u00e4nder 995 kg, f\u00fcr Schirme ohne Elektrik (AZ361)"},"content":{"rendered":"<p>Formsch\u00f6ner Betonst\u00e4nder f\u00fcr alle Standorte, an denen keine station\u00e4re Installation m\u00f6glich ist. Die glatte Sichtbeton-Oberfl\u00e4che kann als Sitzfl\u00e4che verwendet, oder optisch passend zum Inventar vom \u00f6rtlichen Schreiner \u00fcberbaut werden. Praktische Aussparungen erm\u00f6glichen den Transport mit einem Gabelstapler oder Hubwagen. 4 Stellschrauben bieten einen Schr\u00e4gausgleich von 4 cm H\u00f6henunterschied, Inklusive Bewehrung. Da der ALBATROS-Schirmmast auf der Oberfl\u00e4che des Betonst\u00e4nders aufsteht, erh\u00f6hen sich alle H\u00f6henangaben um min. 48,5 cm, max. 52,5 cm. Das genaue Ma\u00df kann durch 4 Stellschrauben individuell eingestellt werden. H\u00fclsen-Oberteil: Einbetonierter Ankerfu\u00df AZ120 mit Klappscharnier, ist im Lieferumfang enthalten, feuerverzinkt, serienm\u00e4\u00dfig abschlie\u00dfbar mit Diebstahlsicherung, ohne Abdeckplatte f\u00fcr Winterabdeckung. Der Schirm ben\u00f6tigt min. 60 cm Bodenfreiheit (Ma\u00df F aus Katalog), damit die Speichenenden beim Abklappen w\u00e4hrend der Montage nicht vom Betonst\u00e4nder besch\u00e4digt werden, ggf. Schirmmast-\u00dcberl\u00e4nge bestellen. Beachten Sie die Mindest-Ballastangaben pro Schirmgr\u00f6\u00dfe. Bei der Anlieferung durch den Spediteur muss ein Gabelstapler bereit stehen.<\/p>\n","protected":false},"excerpt":{"rendered":"<p>110 x 110 cm<\/p>\n","protected":false},"featured_media":18647,"comment_status":"open","ping_status":"closed","template":"","meta":[],"product_brand":[],"product_cat":[665],"product_tag":[689],"class_list":{"0":"post-18508","1":"product","2":"type-product","3":"status-publish","4":"has-post-thumbnail","6":"product_cat-zubehoer-albatros","7":"product_tag-mobile-befestigungselemente","8":"product_shipping_class-zubehoer-schirme","10":"first","11":"instock","12":"taxable","13":"shipping-taxable","14":"purchasable","15":"product-type-simple"},"_links":{"self":[{"href":"https:\/\/nagai.de\/shop\/wp-json\/wp\/v2\/product\/18508","targetHints":{"allow":["GET"]}}],"collection":[{"href":"https:\/\/nagai.de\/shop\/wp-json\/wp\/v2\/product"}],"about":[{"href":"https:\/\/nagai.de\/shop\/wp-json\/wp\/v2\/types\/product"}],"replies":[{"embeddable":true,"href":"https:\/\/nagai.de\/shop\/wp-json\/wp\/v2\/comments?post=18508"}],"version-history":[{"count":2,"href":"https:\/\/nagai.de\/shop\/wp-json\/wp\/v2\/product\/18508\/revisions"}],"predecessor-version":[{"id":18654,"href":"https:\/\/nagai.de\/shop\/wp-json\/wp\/v2\/product\/18508\/revisions\/18654"}],"wp:featuredmedia":[{"embeddable":true,"href":"https:\/\/nagai.de\/shop\/wp-json\/wp\/v2\/media\/18647"}],"wp:attachment":[{"href":"https:\/\/nagai.de\/shop\/wp-json\/wp\/v2\/media?parent=18508"}],"wp:term":[{"taxonomy":"product_brand","embeddable":true,"href":"https:\/\/nagai.de\/shop\/wp-json\/wp\/v2\/product_brand?post=18508"},{"taxonomy":"product_cat","embeddable":true,"href":"https:\/\/nagai.de\/shop\/wp-json\/wp\/v2\/product_cat?post=18508"},{"taxonomy":"product_tag","embeddable":true,"href":"https:\/\/nagai.de\/shop\/wp-json\/wp\/v2\/product_tag?post=18508"}],"curies":[{"name":"wp","href":"https:\/\/api.w.org\/{rel}","templated":true}]}}