{"id":18514,"date":"2025-05-30T12:50:44","date_gmt":"2025-05-30T10:50:44","guid":{"rendered":"https:\/\/nagai.de\/shop\/produkt\/ankerfuss-mit-klappscharnier-zum-einbetonieren-2-teilig-oberteil-abschraubbar-az120\/"},"modified":"2025-06-03T19:43:30","modified_gmt":"2025-06-03T17:43:30","slug":"ankerfuss-mit-klappscharnier-zum-einbetonieren-2-teilig-oberteil-abschraubbar-az120","status":"publish","type":"product","link":"https:\/\/nagai.de\/shop\/produkt\/ankerfuss-mit-klappscharnier-zum-einbetonieren-2-teilig-oberteil-abschraubbar-az120\/","title":{"rendered":"Ankerfu\u00df mit Klappscharnier zum Einbetonieren, 2-teilig, Oberteil abschraubbar (AZ120)"},"content":{"rendered":"","protected":false},"excerpt":{"rendered":"<p>zweiteilig, serienm\u00e4\u00dfig abschlie\u00dfbar mit Diebstahlsicherung, inkl. Abdeckplatte f\u00fcr Winterabdeckung.<\/p>\n<p>&nbsp;<\/p>\n","protected":false},"featured_media":18633,"comment_status":"open","ping_status":"closed","template":"","meta":[],"product_brand":[],"product_cat":[665],"product_tag":[688],"class_list":{"0":"post-18514","1":"product","2":"type-product","3":"status-publish","4":"has-post-thumbnail","6":"product_cat-zubehoer-albatros","7":"product_tag-stationaere-befestigungselemente","8":"product_shipping_class-zubehoer-schirme","10":"first","11":"instock","12":"taxable","13":"shipping-taxable","14":"purchasable","15":"product-type-simple"},"_links":{"self":[{"href":"https:\/\/nagai.de\/shop\/wp-json\/wp\/v2\/product\/18514","targetHints":{"allow":["GET"]}}],"collection":[{"href":"https:\/\/nagai.de\/shop\/wp-json\/wp\/v2\/product"}],"about":[{"href":"https:\/\/nagai.de\/shop\/wp-json\/wp\/v2\/types\/product"}],"replies":[{"embeddable":true,"href":"https:\/\/nagai.de\/shop\/wp-json\/wp\/v2\/comments?post=18514"}],"version-history":[{"count":2,"href":"https:\/\/nagai.de\/shop\/wp-json\/wp\/v2\/product\/18514\/revisions"}],"predecessor-version":[{"id":18639,"href":"https:\/\/nagai.de\/shop\/wp-json\/wp\/v2\/product\/18514\/revisions\/18639"}],"wp:featuredmedia":[{"embeddable":true,"href":"https:\/\/nagai.de\/shop\/wp-json\/wp\/v2\/media\/18633"}],"wp:attachment":[{"href":"https:\/\/nagai.de\/shop\/wp-json\/wp\/v2\/media?parent=18514"}],"wp:term":[{"taxonomy":"product_brand","embeddable":true,"href":"https:\/\/nagai.de\/shop\/wp-json\/wp\/v2\/product_brand?post=18514"},{"taxonomy":"product_cat","embeddable":true,"href":"https:\/\/nagai.de\/shop\/wp-json\/wp\/v2\/product_cat?post=18514"},{"taxonomy":"product_tag","embeddable":true,"href":"https:\/\/nagai.de\/shop\/wp-json\/wp\/v2\/product_tag?post=18514"}],"curies":[{"name":"wp","href":"https:\/\/api.w.org\/{rel}","templated":true}]}}