{"id":18520,"date":"2025-05-30T12:50:45","date_gmt":"2025-05-30T10:50:45","guid":{"rendered":"https:\/\/nagai.de\/shop\/produkt\/flachdach-ankerplatte-zum-aufduebeln-mit-ankerhuelsen-oberteil-az120-az186\/"},"modified":"2025-06-03T19:43:31","modified_gmt":"2025-06-03T17:43:31","slug":"flachdach-ankerplatte-zum-aufduebeln-mit-ankerhuelsen-oberteil-az120-az186","status":"publish","type":"product","link":"https:\/\/nagai.de\/shop\/produkt\/flachdach-ankerplatte-zum-aufduebeln-mit-ankerhuelsen-oberteil-az120-az186\/","title":{"rendered":"Flachdach-Ankerplatte zum Aufd\u00fcbeln mit Ankerh\u00fclsen-Oberteil AZ120 (AZ186)"},"content":{"rendered":"","protected":false},"excerpt":{"rendered":"<p>Warmdachaufbau, systemgerechter Anschluss auf ein Flachdach mit Fl\u00fcssigkunststoff, Gesamth\u00f6he wird auftragsbezogen ebenerdig zum Flachdachboden festgelegt, Oberteil abschraubbar, serienm\u00e4\u00dfig abschlie\u00dfbar mit Diebstahlsicherung, inkl. Abdeckplatte f\u00fcr Winterabdeckung. Schirm vor Ort mit Oberteil der Ankerplatte vorbohren. Zwei Packungen der Schwerlast-Ankerbolzen (Artikel-Nr. 200900) notwendig.<\/p>\n","protected":false},"featured_media":18621,"comment_status":"open","ping_status":"closed","template":"","meta":[],"product_brand":[],"product_cat":[665],"product_tag":[688],"class_list":{"0":"post-18520","1":"product","2":"type-product","3":"status-publish","4":"has-post-thumbnail","6":"product_cat-zubehoer-albatros","7":"product_tag-stationaere-befestigungselemente","8":"product_shipping_class-zubehoer-schirme","10":"first","11":"instock","12":"taxable","13":"shipping-taxable","14":"purchasable","15":"product-type-simple"},"_links":{"self":[{"href":"https:\/\/nagai.de\/shop\/wp-json\/wp\/v2\/product\/18520","targetHints":{"allow":["GET"]}}],"collection":[{"href":"https:\/\/nagai.de\/shop\/wp-json\/wp\/v2\/product"}],"about":[{"href":"https:\/\/nagai.de\/shop\/wp-json\/wp\/v2\/types\/product"}],"replies":[{"embeddable":true,"href":"https:\/\/nagai.de\/shop\/wp-json\/wp\/v2\/comments?post=18520"}],"version-history":[{"count":2,"href":"https:\/\/nagai.de\/shop\/wp-json\/wp\/v2\/product\/18520\/revisions"}],"predecessor-version":[{"id":18641,"href":"https:\/\/nagai.de\/shop\/wp-json\/wp\/v2\/product\/18520\/revisions\/18641"}],"wp:featuredmedia":[{"embeddable":true,"href":"https:\/\/nagai.de\/shop\/wp-json\/wp\/v2\/media\/18621"}],"wp:attachment":[{"href":"https:\/\/nagai.de\/shop\/wp-json\/wp\/v2\/media?parent=18520"}],"wp:term":[{"taxonomy":"product_brand","embeddable":true,"href":"https:\/\/nagai.de\/shop\/wp-json\/wp\/v2\/product_brand?post=18520"},{"taxonomy":"product_cat","embeddable":true,"href":"https:\/\/nagai.de\/shop\/wp-json\/wp\/v2\/product_cat?post=18520"},{"taxonomy":"product_tag","embeddable":true,"href":"https:\/\/nagai.de\/shop\/wp-json\/wp\/v2\/product_tag?post=18520"}],"curies":[{"name":"wp","href":"https:\/\/api.w.org\/{rel}","templated":true}]}}