{"id":18524,"date":"2025-05-30T12:50:46","date_gmt":"2025-05-30T10:50:46","guid":{"rendered":"https:\/\/nagai.de\/shop\/produkt\/diebstahlsicherung-vorhaengeschloss-und-dorn-zum-nachruesten-200826\/"},"modified":"2026-04-16T16:21:24","modified_gmt":"2026-04-16T14:21:24","slug":"diebstahlsicherung-vorhaengeschloss-und-dorn-zum-nachruesten-200826","status":"publish","type":"product","link":"https:\/\/nagai.de\/shop\/produkt\/diebstahlsicherung-vorhaengeschloss-und-dorn-zum-nachruesten-200826\/","title":{"rendered":"Diebstahlsicherung, Vorh\u00e4ngeschloss und Dorn zum Nachr\u00fcsten (200826)"},"content":{"rendered":"","protected":false},"excerpt":{"rendered":"<p>Vorh\u00e4ngeschloss und Dorn, aus Edelstahl V2A (1.4301). Passend f\u00fcr Schirmmast \u00d8 100 mm, zum Nachr\u00fcsten.<\/p>\n","protected":false},"featured_media":18620,"comment_status":"open","ping_status":"closed","template":"","meta":[],"product_brand":[],"product_cat":[665],"product_tag":[688],"class_list":{"0":"post-18524","1":"product","2":"type-product","3":"status-publish","4":"has-post-thumbnail","6":"product_cat-zubehoer-albatros","7":"product_tag-stationaere-befestigungselemente","8":"product_shipping_class-zubehoer-schirme","10":"first","11":"instock","12":"taxable","13":"shipping-taxable","14":"purchasable","15":"product-type-simple"},"_links":{"self":[{"href":"https:\/\/nagai.de\/shop\/wp-json\/wp\/v2\/product\/18524","targetHints":{"allow":["GET"]}}],"collection":[{"href":"https:\/\/nagai.de\/shop\/wp-json\/wp\/v2\/product"}],"about":[{"href":"https:\/\/nagai.de\/shop\/wp-json\/wp\/v2\/types\/product"}],"replies":[{"embeddable":true,"href":"https:\/\/nagai.de\/shop\/wp-json\/wp\/v2\/comments?post=18524"}],"version-history":[{"count":2,"href":"https:\/\/nagai.de\/shop\/wp-json\/wp\/v2\/product\/18524\/revisions"}],"predecessor-version":[{"id":18642,"href":"https:\/\/nagai.de\/shop\/wp-json\/wp\/v2\/product\/18524\/revisions\/18642"}],"wp:featuredmedia":[{"embeddable":true,"href":"https:\/\/nagai.de\/shop\/wp-json\/wp\/v2\/media\/18620"}],"wp:attachment":[{"href":"https:\/\/nagai.de\/shop\/wp-json\/wp\/v2\/media?parent=18524"}],"wp:term":[{"taxonomy":"product_brand","embeddable":true,"href":"https:\/\/nagai.de\/shop\/wp-json\/wp\/v2\/product_brand?post=18524"},{"taxonomy":"product_cat","embeddable":true,"href":"https:\/\/nagai.de\/shop\/wp-json\/wp\/v2\/product_cat?post=18524"},{"taxonomy":"product_tag","embeddable":true,"href":"https:\/\/nagai.de\/shop\/wp-json\/wp\/v2\/product_tag?post=18524"}],"curies":[{"name":"wp","href":"https:\/\/api.w.org\/{rel}","templated":true}]}}